{"id":1308,"date":"2026-04-13T17:55:03","date_gmt":"2026-04-13T17:55:03","guid":{"rendered":"https:\/\/af-afghanistan.com\/"},"modified":"2026-04-13T18:01:55","modified_gmt":"2026-04-13T18:01:55","slug":"die-geostrategische-bedeutung-afghanistans-aus-sicht-der-usa-im-wandel-der-zeit","status":"publish","type":"page","link":"https:\/\/af-afghanistan.com\/af\/die-geostrategische-bedeutung-afghanistans-aus-sicht-der-usa-im-wandel-der-zeit\/","title":{"rendered":"Die geostrategische Bedeutung Afghanistans aus Sicht der USA im Wandel der Zeit"},"content":{"rendered":"<div data-elementor-type=\"wp-page\" data-elementor-id=\"1308\" class=\"elementor elementor-1308\" data-elementor-post-type=\"page\">\n\t\t\t\t\t\t<section data-particle_enable=\"false\" data-particle-mobile-disabled=\"false\" class=\"elementor-section elementor-top-section elementor-element elementor-element-f468c87 elementor-section-boxed elementor-section-height-default elementor-section-height-default\" data-id=\"f468c87\" data-element_type=\"section\" data-e-type=\"section\" data-settings=\"{&quot;background_background&quot;:&quot;classic&quot;,&quot;ekit_has_onepagescroll_dot&quot;:&quot;yes&quot;}\">\n\t\t\t\t\t\t\t<div class=\"elementor-background-overlay\"><\/div>\n\t\t\t\t\t\t\t<div class=\"elementor-container elementor-column-gap-default\">\n\t\t\t\t\t<div class=\"elementor-column elementor-col-100 elementor-top-column elementor-element elementor-element-3d4cfae elementor-invisible\" data-id=\"3d4cfae\" data-element_type=\"column\" data-e-type=\"column\" data-settings=\"{&quot;animation&quot;:&quot;fadeInUp&quot;}\">\n\t\t\t<div class=\"elementor-widget-wrap elementor-element-populated\">\n\t\t\t\t\t\t<div class=\"elementor-element elementor-element-bcf116e elementor-widget elementor-widget-heading\" data-id=\"bcf116e\" data-element_type=\"widget\" data-e-type=\"widget\" data-settings=\"{&quot;ekit_we_effect_on&quot;:&quot;none&quot;}\" data-widget_type=\"heading.default\">\n\t\t\t\t\t<h1 class=\"elementor-heading-title elementor-size-default\">Die geostrategische Bedeutung Afghanistans aus Sicht der USA im Wandel der Zeit<\/h1>\t\t\t\t<\/div>\n\t\t\t\t<div class=\"elementor-element elementor-element-e6ef884 elementor-widget elementor-widget-heading\" data-id=\"e6ef884\" data-element_type=\"widget\" data-e-type=\"widget\" data-settings=\"{&quot;ekit_we_effect_on&quot;:&quot;none&quot;}\" data-widget_type=\"heading.default\">\n\t\t\t\t\t<h4 class=\"elementor-heading-title elementor-size-default\">Unsere diesj\u00e4hrige Veranstaltung findet am 29.08.2026 wieder im Haus der Begegnung in K\u00f6nigstein statt.<br><br>Der Referent ist Dr. Julian Voje, ein deutscher Experte f\u00fcr Sicherheits- und Au\u00dfenpolitik.<br><br>Er promovierte 2014 an der Universit\u00e4t Bonn \u00fcber die geostrategische Bedeutung Afghanistans aus Sicht der USA. Zuvor studierte er Politikwissenschaft, Geschichte und Volkswirtschaftslehre.<br><br>Das vollst\u00e4ndige Programm wird folgen.<\/h4>\t\t\t\t<\/div>\n\t\t\t\t\t<\/div>\n\t\t<\/div>\n\t\t\t\t\t<\/div>\n\t\t<\/section>\n\t\t\t\t<section data-particle_enable=\"false\" data-particle-mobile-disabled=\"false\" class=\"elementor-section elementor-top-section elementor-element elementor-element-e997468 elementor-section-boxed elementor-section-height-default elementor-section-height-default\" data-id=\"e997468\" data-element_type=\"section\" data-e-type=\"section\" data-settings=\"{&quot;ekit_has_onepagescroll_dot&quot;:&quot;yes&quot;}\">\n\t\t\t\t\t\t<div class=\"elementor-container elementor-column-gap-default\">\n\t\t\t\t\t<div class=\"elementor-column elementor-col-100 elementor-top-column elementor-element elementor-element-dd59600\" data-id=\"dd59600\" data-element_type=\"column\" data-e-type=\"column\">\n\t\t\t<div class=\"elementor-widget-wrap elementor-element-populated\">\n\t\t\t\t\t\t<section data-particle_enable=\"false\" data-particle-mobile-disabled=\"false\" class=\"elementor-section elementor-inner-section elementor-element elementor-element-83659cf elementor-section-boxed elementor-section-height-default elementor-section-height-default\" data-id=\"83659cf\" data-element_type=\"section\" data-e-type=\"section\" data-settings=\"{&quot;ekit_has_onepagescroll_dot&quot;:&quot;yes&quot;}\">\n\t\t\t\t\t\t<div class=\"elementor-container elementor-column-gap-default\">\n\t\t\t\t\t<div class=\"elementor-column elementor-col-100 elementor-inner-column elementor-element elementor-element-99b9641\" data-id=\"99b9641\" data-element_type=\"column\" data-e-type=\"column\">\n\t\t\t<div class=\"elementor-widget-wrap elementor-element-populated\">\n\t\t\t\t\t\t<div class=\"elementor-element elementor-element-ab5834b elementor-widget elementor-widget-heading\" data-id=\"ab5834b\" data-element_type=\"widget\" data-e-type=\"widget\" data-settings=\"{&quot;ekit_we_effect_on&quot;:&quot;none&quot;}\" data-widget_type=\"heading.default\">\n\t\t\t\t\t<h2 class=\"elementor-heading-title elementor-size-default\">Zusammenfassung<\/h2>\t\t\t\t<\/div>\n\t\t\t\t<div class=\"elementor-element elementor-element-0139d5b elementor-widget-divider--view-line elementor-widget elementor-widget-divider\" data-id=\"0139d5b\" data-element_type=\"widget\" data-e-type=\"widget\" data-settings=\"{&quot;ekit_we_effect_on&quot;:&quot;none&quot;}\" data-widget_type=\"divider.default\">\n\t\t\t\t\t\t\t<div class=\"elementor-divider\">\n\t\t\t<span class=\"elementor-divider-separator\">\n\t\t\t\t\t\t<\/span>\n\t\t<\/div>\n\t\t\t\t\t\t<\/div>\n\t\t\t\t<div class=\"elementor-element elementor-element-2469726 elementor-widget elementor-widget-text-editor\" data-id=\"2469726\" data-element_type=\"widget\" data-e-type=\"widget\" data-settings=\"{&quot;ekit_we_effect_on&quot;:&quot;none&quot;}\" data-widget_type=\"text-editor.default\">\n\t\t\t\t\t\t\t\t\t<p><b>Die geostrategische Bedeutung Afghanistans aus Sicht der USA im Wandel der Zeit<\/b><br \/><br \/>Unsere diesj\u00e4hrige Veranstaltung findet am 29.08.2026 wieder im Haus\u00a0der Begegnung in K\u00f6nigstein sind daf\u00fcr reserviert!<br \/><br \/>Der Referent ist\u00a0<b>Dr. Julian Voje<\/b>, ein deutscher Experte f\u00fcr Sicherheits- und Au\u00dfenpolitik.<br \/><br \/>Er promovierte 2014 an der Universit\u00e4t Bonn \u00fcber die geostrategische Bedeutung Afghanistans aus Sicht der USA.\u00a0Zuvor studierte er Politikwissenschaft, Geschichte und Volkswirtschaftslehre.<br \/><br \/>Das vollst\u00e4ndige Programm wird folgen.<\/p>\t\t\t\t\t\t\t\t<\/div>\n\t\t\t\t\t<\/div>\n\t\t<\/div>\n\t\t\t\t\t<\/div>\n\t\t<\/section>\n\t\t\t\t\t<\/div>\n\t\t<\/div>\n\t\t\t\t\t<\/div>\n\t\t<\/section>\n\t\t\t\t<\/div>","protected":false},"excerpt":{"rendered":"<p>Unsere diesj\u00e4hrige Veranstaltung findet am 29.08.2026 wieder im Haus der Begegnung in K\u00f6nigstein statt. Der Referent ist Dr. Julian Voje, ein deutscher Experte f\u00fcr Sicherheits- und Au\u00dfenpolitik. Er promovierte 2014 an der Universit\u00e4t Bonn \u00fcber die geostrategische Bedeutung Afghanistans aus Sicht der USA. Zuvor studierte er Politikwissenschaft, Geschichte und Volkswirtschaftslehre. Das vollst\u00e4ndige Programm wird folgen. [&hellip;]<\/p>\n","protected":false},"author":1,"featured_media":0,"parent":0,"menu_order":0,"comment_status":"closed","ping_status":"closed","template":"","meta":{"footnotes":""},"class_list":["post-1308","page","type-page","status-publish","hentry"],"_links":{"self":[{"href":"https:\/\/af-afghanistan.com\/af\/wp-json\/wp\/v2\/pages\/1308","targetHints":{"allow":["GET"]}}],"collection":[{"href":"https:\/\/af-afghanistan.com\/af\/wp-json\/wp\/v2\/pages"}],"about":[{"href":"https:\/\/af-afghanistan.com\/af\/wp-json\/wp\/v2\/types\/page"}],"author":[{"embeddable":true,"href":"https:\/\/af-afghanistan.com\/af\/wp-json\/wp\/v2\/users\/1"}],"replies":[{"embeddable":true,"href":"https:\/\/af-afghanistan.com\/af\/wp-json\/wp\/v2\/comments?post=1308"}],"version-history":[{"count":13,"href":"https:\/\/af-afghanistan.com\/af\/wp-json\/wp\/v2\/pages\/1308\/revisions"}],"predecessor-version":[{"id":1336,"href":"https:\/\/af-afghanistan.com\/af\/wp-json\/wp\/v2\/pages\/1308\/revisions\/1336"}],"wp:attachment":[{"href":"https:\/\/af-afghanistan.com\/af\/wp-json\/wp\/v2\/media?parent=1308"}],"curies":[{"name":"wp","href":"https:\/\/api.w.org\/{rel}","templated":true}]}}