{"id":1021,"date":"2025-09-04T18:13:47","date_gmt":"2025-09-04T18:13:47","guid":{"rendered":"https:\/\/af-afghanistan.com\/?page_id=1021"},"modified":"2025-09-04T18:18:11","modified_gmt":"2025-09-04T18:18:11","slug":"datenschutzerklaerung","status":"publish","type":"page","link":"https:\/\/af-afghanistan.com\/en\/datenschutzerklaerung\/","title":{"rendered":"Privacy policy"},"content":{"rendered":"<div data-elementor-type=\"wp-page\" data-elementor-id=\"1021\" class=\"elementor elementor-1021\" data-elementor-post-type=\"page\">\n\t\t\t\t\t\t<section data-particle_enable=\"false\" data-particle-mobile-disabled=\"false\" class=\"elementor-section elementor-top-section elementor-element elementor-element-62ac9f1 elementor-section-boxed elementor-section-height-default elementor-section-height-default\" data-id=\"62ac9f1\" data-element_type=\"section\" data-e-type=\"section\" data-settings=\"{&quot;background_background&quot;:&quot;classic&quot;,&quot;ekit_has_onepagescroll_dot&quot;:&quot;yes&quot;}\">\n\t\t\t\t\t\t\t<div class=\"elementor-background-overlay\"><\/div>\n\t\t\t\t\t\t\t<div class=\"elementor-container elementor-column-gap-default\">\n\t\t\t\t\t<div class=\"elementor-column elementor-col-100 elementor-top-column elementor-element elementor-element-a0715f2 elementor-invisible\" data-id=\"a0715f2\" data-element_type=\"column\" data-e-type=\"column\" data-settings=\"{&quot;animation&quot;:&quot;fadeInUp&quot;}\">\n\t\t\t<div class=\"elementor-widget-wrap elementor-element-populated\">\n\t\t\t\t\t\t<div class=\"elementor-element elementor-element-88e31c9 elementor-widget elementor-widget-heading\" data-id=\"88e31c9\" data-element_type=\"widget\" data-e-type=\"widget\" data-settings=\"{&quot;ekit_we_effect_on&quot;:&quot;none&quot;}\" data-widget_type=\"heading.default\">\n\t\t\t\t\t<h1 class=\"elementor-heading-title elementor-size-default\">Privacy policy<\/h1>\t\t\t\t<\/div>\n\t\t\t\t\t<\/div>\n\t\t<\/div>\n\t\t\t\t\t<\/div>\n\t\t<\/section>\n\t\t<div data-particle_enable=\"false\" data-particle-mobile-disabled=\"false\" class=\"elementor-element elementor-element-d8a625b e-flex e-con-boxed e-con e-parent\" data-id=\"d8a625b\" data-element_type=\"container\" data-e-type=\"container\" data-settings=\"{&quot;ekit_has_onepagescroll_dot&quot;:&quot;yes&quot;}\">\n\t\t\t\t\t<div class=\"e-con-inner\">\n\t\t\t\t<div class=\"elementor-element elementor-element-e4edf8d elementor-widget elementor-widget-text-editor\" data-id=\"e4edf8d\" data-element_type=\"widget\" data-e-type=\"widget\" data-settings=\"{&quot;ekit_we_effect_on&quot;:&quot;none&quot;}\" data-widget_type=\"text-editor.default\">\n\t\t\t\t\t\t\t\t\t<h2 data-start=\"182\" data-end=\"204\">1. Verantwortlicher<\/h2>\n<p data-start=\"205\" data-end=\"271\">Verantwortlich f\u00fcr die Datenverarbeitung auf dieser Website ist:<\/p>\n<p data-start=\"273\" data-end=\"352\"><strong data-start=\"273\" data-end=\"285\">AFA e.V.<\/strong><br data-start=\"285\" data-end=\"288\">Frankfurter Str. 9a<br data-start=\"307\" data-end=\"310\">61462 K\u00f6nigstein im Taunus<br data-start=\"336\" data-end=\"339\">Germany<\/p>\n<p data-start=\"354\" data-end=\"486\">E-Mail: <a class=\"decorated-link cursor-pointer\" href=\"mailto:info@af-afghanistan.com\" rel=\"noopener\" data-start=\"362\" data-end=\"419\">info@af-afghanistan.com<\/a><br data-start=\"419\" data-end=\"422\">Telefon: <a href=\"tel:+49 155 1020203823\">+49 155 1020203823<\/a><\/p>\n<p data-start=\"354\" data-end=\"486\">\n<\/p><p data-start=\"354\" data-end=\"486\"><span style=\"color: inherit; font-size: 48px; letter-spacing: -1px;\">2. Allgemeines zur Datenverarbeitung<\/span><\/p>\n<p data-start=\"528\" data-end=\"738\">\n<\/p><p data-start=\"528\" data-end=\"738\">Wir nehmen den Schutz Ihrer pers\u00f6nlichen Daten sehr ernst. Personenbezogene Daten werden vertraulich und gem\u00e4\u00df den gesetzlichen Datenschutzvorschriften (DSGVO, BDSG) sowie dieser Datenschutzerkl\u00e4rung behandelt.<\/p>\n<p data-start=\"740\" data-end=\"966\">Die Nutzung unserer Website ist in der Regel ohne Angabe personenbezogener Daten m\u00f6glich. Soweit auf unseren Seiten personenbezogene Daten (z. B. Name, E-Mail-Adresse) erhoben werden, erfolgt dies stets auf freiwilliger Basis.<\/p>\n<h2 data-start=\"968\" data-end=\"989\">3. Server-Logfiles<\/h2>\n<div>&nbsp;<\/div>\n<p data-start=\"990\" data-end=\"1173\">Bei jedem Zugriff auf unsere Website erhebt und speichert der Webserver automatisch Informationen in sogenannten Server-Logfiles, die Ihr Browser automatisch \u00fcbermittelt. Dies sind:<\/p>\n<ul data-start=\"1175\" data-end=\"1340\">\n<li data-start=\"1175\" data-end=\"1208\">\n<p data-start=\"1177\" data-end=\"1208\">Browsertyp und Browserversion<\/p>\n<\/li>\n<li data-start=\"1209\" data-end=\"1239\">\n<p data-start=\"1211\" data-end=\"1239\">Verwendetes Betriebssystem<\/p>\n<\/li>\n<li data-start=\"1240\" data-end=\"1256\">\n<p data-start=\"1242\" data-end=\"1256\">Referrer-URL<\/p>\n<\/li>\n<li data-start=\"1257\" data-end=\"1295\">\n<p data-start=\"1259\" data-end=\"1295\">Hostname des zugreifenden Rechners<\/p>\n<\/li>\n<li data-start=\"1296\" data-end=\"1325\">\n<p data-start=\"1298\" data-end=\"1325\">Uhrzeit der Serveranfrage<\/p>\n<\/li>\n<li data-start=\"1326\" data-end=\"1340\">\n<p data-start=\"1328\" data-end=\"1340\">IP-Adresse<\/p>\n<\/li>\n<\/ul>\n<p data-start=\"1342\" data-end=\"1472\">Diese Daten sind nicht bestimmten Personen zuordenbar. Eine Zusammenf\u00fchrung dieser Daten mit anderen Datenquellen erfolgt nicht.<\/p>\n<h2 data-start=\"1474\" data-end=\"1487\">4. Cookies<\/h2>\n<div>&nbsp;<\/div>\n<p data-start=\"1488\" data-end=\"1755\">Unsere Website verwendet Cookies, um die Benutzerfreundlichkeit zu verbessern. Cookies sind kleine Textdateien, die auf Ihrem Endger\u00e4t gespeichert werden. Sie k\u00f6nnen die Speicherung von Cookies durch eine entsprechende Einstellung Ihrer Browser-Software verhindern.<\/p>\n<h2 data-start=\"1757\" data-end=\"1787\">5. Kontaktformular \/ E-Mail<\/h2>\n<div>&nbsp;<\/div>\n<p data-start=\"1788\" data-end=\"2074\">Wenn Sie uns \u00fcber das Kontaktformular oder per E-Mail Anfragen zukommen lassen, werden Ihre Angaben inklusive der angegebenen Kontaktdaten zwecks Bearbeitung der Anfrage und f\u00fcr den Fall von Anschlussfragen bei uns gespeichert. Diese Daten geben wir nicht ohne Ihre Einwilligung weiter.<\/p>\n<p data-start=\"1788\" data-end=\"2074\">\n<\/p><h2 data-start=\"2076\" data-end=\"2111\">6. Eingesetzte Dienste und Tools<\/h2>\n<div>&nbsp;<\/div>\n<h3 data-start=\"2113\" data-end=\"2164\">a) Matomo \/ Google Analytics (falls im Einsatz)<\/h3>\n<p data-start=\"2165\" data-end=\"2452\">Zur Analyse der Website-Nutzung k\u00f6nnen Analyse-Tools wie Matomo oder Google Analytics verwendet werden. Dabei werden Cookies gesetzt und Informationen \u00fcber die Nutzung der Website an den jeweiligen Anbieter \u00fcbertragen. Sie k\u00f6nnen dem widersprechen (Opt-out-Link oder Browsereinstellung).<\/p>\n<h3 data-start=\"2454\" data-end=\"2505\">b) Eingebettete Inhalte (YouTube, Karten, etc.)<\/h3>\n<p data-start=\"2506\" data-end=\"2735\">Unsere Website kann eingebettete Inhalte Dritter (z. B. Videos von YouTube, Kartenmaterial von Google Maps) enthalten. Beim Aufruf dieser Inhalte werden Daten (z. B. Ihre IP-Adresse) direkt an den jeweiligen Anbieter \u00fcbermittelt.<\/p>\n<h2 data-start=\"2737\" data-end=\"2754\">7. Ihre Rechte<\/h2>\n<p data-start=\"2755\" data-end=\"2777\">\n<\/p><p data-start=\"2755\" data-end=\"2777\">Sie haben das Recht:<\/p>\n<ul data-start=\"2778\" data-end=\"3155\">\n<li data-start=\"2778\" data-end=\"2841\">\n<p data-start=\"2780\" data-end=\"2841\">Auskunft \u00fcber Ihre bei uns gespeicherten Daten zu erhalten,<\/p>\n<\/li>\n<li data-start=\"2842\" data-end=\"2890\">\n<p data-start=\"2844\" data-end=\"2890\">Berichtigung unrichtiger Daten zu verlangen,<\/p>\n<\/li>\n<li data-start=\"2891\" data-end=\"2949\">\n<p data-start=\"2893\" data-end=\"2949\">L\u00f6schung nicht mehr erforderlicher Daten zu verlangen,<\/p>\n<\/li>\n<li data-start=\"2950\" data-end=\"2998\">\n<p data-start=\"2952\" data-end=\"2998\">Einschr\u00e4nkung der Verarbeitung zu verlangen,<\/p>\n<\/li>\n<li data-start=\"2999\" data-end=\"3049\">\n<p data-start=\"3001\" data-end=\"3049\">der Verarbeitung Ihrer Daten zu widersprechen,<\/p>\n<\/li>\n<li data-start=\"3050\" data-end=\"3088\">\n<p data-start=\"3052\" data-end=\"3088\">Daten\u00fcbertragbarkeit zu verlangen,<\/p>\n<\/li>\n<li data-start=\"3089\" data-end=\"3155\">\n<p data-start=\"3091\" data-end=\"3155\">sich bei einer Aufsichtsbeh\u00f6rde zu beschweren (Art. 77 DSGVO).<\/p><\/li>\n<\/ul>\n<h2 data-start=\"3157\" data-end=\"3173\"><br><\/h2><h2 data-start=\"3157\" data-end=\"3173\">8. Sicherheit<\/h2>\n<p data-start=\"3174\" data-end=\"3307\">Wir verwenden technische und organisatorische Ma\u00dfnahmen, um Ihre Daten vor unbefugtem Zugriff, Verlust oder Missbrauch zu sch\u00fctzen.<\/p><p data-start=\"3174\" data-end=\"3307\"><br><\/p>\n<h2 data-start=\"3309\" data-end=\"3325\">9. \u00c4nderungen<\/h2>\n<p data-start=\"3326\" data-end=\"3469\"><br><\/p><p data-start=\"3326\" data-end=\"3469\">Wir behalten uns vor, diese Datenschutzerkl\u00e4rung gelegentlich anzupassen, damit sie stets den aktuellen rechtlichen Anforderungen entspricht.<\/p>\t\t\t\t\t\t\t\t<\/div>\n\t\t\t\t\t<\/div>\n\t\t\t\t<\/div>\n\t\t\t\t<\/div>","protected":false},"excerpt":{"rendered":"<p>1. Verantwortlicher Verantwortlich f\u00fcr die Datenverarbeitung auf dieser Website ist: AFA e.V.Frankfurter Str. 9a61462 K\u00f6nigstein im TaunusDeutschland E-Mail: info@af-afghanistan.comTelefon: +49 155 1020203823 2. Allgemeines zur Datenverarbeitung Wir nehmen den Schutz Ihrer pers\u00f6nlichen Daten sehr ernst. Personenbezogene Daten werden vertraulich und gem\u00e4\u00df den gesetzlichen Datenschutzvorschriften (DSGVO, BDSG) sowie dieser Datenschutzerkl\u00e4rung behandelt. Die Nutzung unserer Website ist [&hellip;]<\/p>\n","protected":false},"author":1,"featured_media":0,"parent":0,"menu_order":0,"comment_status":"closed","ping_status":"closed","template":"elementor_header_footer","meta":{"footnotes":""},"class_list":["post-1021","page","type-page","status-publish","hentry"],"_links":{"self":[{"href":"https:\/\/af-afghanistan.com\/en\/wp-json\/wp\/v2\/pages\/1021","targetHints":{"allow":["GET"]}}],"collection":[{"href":"https:\/\/af-afghanistan.com\/en\/wp-json\/wp\/v2\/pages"}],"about":[{"href":"https:\/\/af-afghanistan.com\/en\/wp-json\/wp\/v2\/types\/page"}],"author":[{"embeddable":true,"href":"https:\/\/af-afghanistan.com\/en\/wp-json\/wp\/v2\/users\/1"}],"replies":[{"embeddable":true,"href":"https:\/\/af-afghanistan.com\/en\/wp-json\/wp\/v2\/comments?post=1021"}],"version-history":[{"count":10,"href":"https:\/\/af-afghanistan.com\/en\/wp-json\/wp\/v2\/pages\/1021\/revisions"}],"predecessor-version":[{"id":1034,"href":"https:\/\/af-afghanistan.com\/en\/wp-json\/wp\/v2\/pages\/1021\/revisions\/1034"}],"wp:attachment":[{"href":"https:\/\/af-afghanistan.com\/en\/wp-json\/wp\/v2\/media?parent=1021"}],"curies":[{"name":"wp","href":"https:\/\/api.w.org\/{rel}","templated":true}]}}