{"id":725,"date":"2025-09-03T05:58:28","date_gmt":"2025-09-03T05:58:28","guid":{"rendered":"https:\/\/af-afghanistan.com\/?page_id=725"},"modified":"2025-09-04T17:03:33","modified_gmt":"2025-09-04T17:03:33","slug":"daten-ueber-die-afghanische-diaspora-in-deutschland","status":"publish","type":"page","link":"https:\/\/af-afghanistan.com\/en\/daten-ueber-die-afghanische-diaspora-in-deutschland\/","title":{"rendered":"Data on the Afghan diaspora in Germany"},"content":{"rendered":"<div data-elementor-type=\"wp-page\" data-elementor-id=\"725\" class=\"elementor elementor-725\" data-elementor-post-type=\"page\">\n\t\t\t\t\t\t<section data-particle_enable=\"false\" data-particle-mobile-disabled=\"false\" class=\"elementor-section elementor-top-section elementor-element elementor-element-17d36c68 elementor-section-boxed elementor-section-height-default elementor-section-height-default\" data-id=\"17d36c68\" data-element_type=\"section\" data-e-type=\"section\" data-settings=\"{&quot;background_background&quot;:&quot;classic&quot;,&quot;ekit_has_onepagescroll_dot&quot;:&quot;yes&quot;}\">\n\t\t\t\t\t\t\t<div class=\"elementor-background-overlay\"><\/div>\n\t\t\t\t\t\t\t<div class=\"elementor-container elementor-column-gap-default\">\n\t\t\t\t\t<div class=\"elementor-column elementor-col-100 elementor-top-column elementor-element elementor-element-77bea096 elementor-invisible\" data-id=\"77bea096\" data-element_type=\"column\" data-e-type=\"column\" data-settings=\"{&quot;animation&quot;:&quot;fadeInUp&quot;}\">\n\t\t\t<div class=\"elementor-widget-wrap elementor-element-populated\">\n\t\t\t\t\t\t<div class=\"elementor-element elementor-element-790e30f elementor-widget elementor-widget-heading\" data-id=\"790e30f\" data-element_type=\"widget\" data-e-type=\"widget\" data-settings=\"{&quot;ekit_we_effect_on&quot;:&quot;none&quot;}\" data-widget_type=\"heading.default\">\n\t\t\t\t\t<h6 class=\"elementor-heading-title elementor-size-default\">Chapter 4<\/h6>\t\t\t\t<\/div>\n\t\t\t\t<div class=\"elementor-element elementor-element-7d63194a elementor-widget elementor-widget-heading\" data-id=\"7d63194a\" data-element_type=\"widget\" data-e-type=\"widget\" data-settings=\"{&quot;ekit_we_effect_on&quot;:&quot;none&quot;}\" data-widget_type=\"heading.default\">\n\t\t\t\t\t<h1 class=\"elementor-heading-title elementor-size-default\">Data on the Afghan diaspora in Germany<\/h1>\t\t\t\t<\/div>\n\t\t\t\t\t<\/div>\n\t\t<\/div>\n\t\t\t\t\t<\/div>\n\t\t<\/section>\n\t\t\t\t<section data-particle_enable=\"false\" data-particle-mobile-disabled=\"false\" class=\"elementor-section elementor-top-section elementor-element elementor-element-58cc95f8 elementor-section-boxed elementor-section-height-default elementor-section-height-default\" data-id=\"58cc95f8\" data-element_type=\"section\" data-e-type=\"section\" data-settings=\"{&quot;ekit_has_onepagescroll_dot&quot;:&quot;yes&quot;}\">\n\t\t\t\t\t\t<div class=\"elementor-container elementor-column-gap-default\">\n\t\t\t\t\t<div class=\"elementor-column elementor-col-100 elementor-top-column elementor-element elementor-element-7c0b5998\" data-id=\"7c0b5998\" data-element_type=\"column\" data-e-type=\"column\">\n\t\t\t<div class=\"elementor-widget-wrap elementor-element-populated\">\n\t\t\t\t\t\t<section data-particle_enable=\"false\" data-particle-mobile-disabled=\"false\" class=\"elementor-section elementor-inner-section elementor-element elementor-element-7332068 elementor-section-boxed elementor-section-height-default elementor-section-height-default elementor-invisible\" data-id=\"7332068\" data-element_type=\"section\" data-e-type=\"section\" data-settings=\"{&quot;animation&quot;:&quot;fadeInUp&quot;,&quot;ekit_has_onepagescroll_dot&quot;:&quot;yes&quot;}\">\n\t\t\t\t\t\t<div class=\"elementor-container elementor-column-gap-default\">\n\t\t\t\t\t<div class=\"elementor-column elementor-col-100 elementor-inner-column elementor-element elementor-element-55958dbe\" data-id=\"55958dbe\" data-element_type=\"column\" data-e-type=\"column\">\n\t\t\t<div class=\"elementor-widget-wrap elementor-element-populated\">\n\t\t\t\t\t\t<div class=\"elementor-element elementor-element-56d9cd1 elementor-bg-transform elementor-bg-transform-move-up elementor-cta--skin-classic elementor-animated-content elementor-widget elementor-widget-call-to-action\" data-id=\"56d9cd1\" data-element_type=\"widget\" data-e-type=\"widget\" data-settings=\"{&quot;ekit_we_effect_on&quot;:&quot;none&quot;}\" data-widget_type=\"call-to-action.default\">\n\t\t\t\t\t\t\t<div class=\"elementor-cta\">\n\t\t\t\t\t<div class=\"elementor-cta__bg-wrapper\">\n\t\t\t\t<div class=\"elementor-cta__bg elementor-bg\" style=\"background-image: url(https:\/\/af-afghanistan.com\/wp-content\/uploads\/2025\/09\/Daten-ueber-die-Afghanische-Diaspora-Aufklaerungsforum-Afghanistan-scaled.jpg);\" role=\"img\" aria-label=\"Daten \u00fcber die Afghanische Diaspora - Aufkl\u00e4rungsforum Afghanistan\"><\/div>\n\t\t\t\t<div class=\"elementor-cta__bg-overlay\"><\/div>\n\t\t\t<\/div>\n\t\t\t\t\t\t\t<div class=\"elementor-cta__content\">\n\t\t\t\t\n\t\t\t\t\t\t\t\t\t<h4 class=\"elementor-cta__title elementor-cta__content-item elementor-content-item\">\n\t\t\t\t\t\t4.0 Daten \u00fcber die afghanische Diaspora in Deutschland\t\t\t\t\t<\/h4>\n\t\t\t\t\n\t\t\t\t\n\t\t\t\t\t\t\t\t\t<div class=\"elementor-cta__button-wrapper elementor-cta__content-item elementor-content-item\">\n\t\t\t\t\t<a class=\"elementor-cta__button elementor-button elementor-size-md\" href=\"#daten-afghanische-diaspora\">\n\t\t\t\t\t\tlearn more\t\t\t\t\t<\/a>\n\t\t\t\t\t<\/div>\n\t\t\t\t\t\t\t<\/div>\n\t\t\t\t\t\t<\/div>\n\t\t\t\t\t\t<\/div>\n\t\t\t\t\t<\/div>\n\t\t<\/div>\n\t\t\t\t\t<\/div>\n\t\t<\/section>\n\t\t\t\t\t<\/div>\n\t\t<\/div>\n\t\t\t\t\t<\/div>\n\t\t<\/section>\n\t\t\t\t<section data-particle_enable=\"false\" data-particle-mobile-disabled=\"false\" class=\"elementor-section elementor-top-section elementor-element elementor-element-7f8d998 elementor-section-boxed elementor-section-height-default elementor-section-height-default\" data-id=\"7f8d998\" data-element_type=\"section\" data-e-type=\"section\" data-settings=\"{&quot;ekit_has_onepagescroll_dot&quot;:&quot;yes&quot;}\">\n\t\t\t\t\t\t<div class=\"elementor-container elementor-column-gap-default\">\n\t\t\t\t\t<div class=\"elementor-column elementor-col-100 elementor-top-column elementor-element elementor-element-73d80e1\" data-id=\"73d80e1\" data-element_type=\"column\" data-e-type=\"column\">\n\t\t\t<div class=\"elementor-widget-wrap elementor-element-populated\">\n\t\t\t\t\t\t<section data-particle_enable=\"false\" data-particle-mobile-disabled=\"false\" class=\"elementor-section elementor-inner-section elementor-element elementor-element-12d0fbc elementor-section-boxed elementor-section-height-default elementor-section-height-default\" data-id=\"12d0fbc\" data-element_type=\"section\" data-e-type=\"section\" data-settings=\"{&quot;ekit_has_onepagescroll_dot&quot;:&quot;yes&quot;}\">\n\t\t\t\t\t\t<div class=\"elementor-container elementor-column-gap-default\">\n\t\t\t\t\t<div class=\"elementor-column elementor-col-100 elementor-inner-column elementor-element elementor-element-eb0fbad elementor-invisible\" data-id=\"eb0fbad\" data-element_type=\"column\" data-e-type=\"column\" data-settings=\"{&quot;animation&quot;:&quot;fadeInUp&quot;}\">\n\t\t\t<div class=\"elementor-widget-wrap elementor-element-populated\">\n\t\t\t\t\t\t<div class=\"elementor-element elementor-element-1724d9a elementor-widget elementor-widget-menu-anchor\" data-id=\"1724d9a\" data-element_type=\"widget\" data-e-type=\"widget\" data-settings=\"{&quot;ekit_we_effect_on&quot;:&quot;none&quot;}\" data-widget_type=\"menu-anchor.default\">\n\t\t\t\t\t\t\t<div class=\"elementor-menu-anchor\" id=\"daten-afghanische-diaspora\"><\/div>\n\t\t\t\t\t\t<\/div>\n\t\t\t\t<div class=\"elementor-element elementor-element-47788d7 elementor-widget elementor-widget-heading\" data-id=\"47788d7\" data-element_type=\"widget\" data-e-type=\"widget\" data-settings=\"{&quot;ekit_we_effect_on&quot;:&quot;none&quot;}\" data-widget_type=\"heading.default\">\n\t\t\t\t\t<h6 class=\"elementor-heading-title elementor-size-default\">Chapter 4<\/h6>\t\t\t\t<\/div>\n\t\t\t\t<div class=\"elementor-element elementor-element-6a0bea4 elementor-widget elementor-widget-image\" data-id=\"6a0bea4\" data-element_type=\"widget\" data-e-type=\"widget\" data-settings=\"{&quot;ekit_we_effect_on&quot;:&quot;none&quot;}\" data-widget_type=\"image.default\">\n\t\t\t\t\t\t\t\t\t\t\t\t\t\t\t<img fetchpriority=\"high\" decoding=\"async\" width=\"800\" height=\"379\" src=\"https:\/\/af-afghanistan.com\/wp-content\/uploads\/2025\/09\/Daten-ueber-die-Afghanische-Diaspora-Aufklaerungsforum-Afghanistan-1024x485.jpg\" class=\"attachment-large size-large wp-image-949\" alt=\"Daten \u00fcber die Afghanische Diaspora - Aufkl\u00e4rungsforum Afghanistan\" srcset=\"https:\/\/af-afghanistan.com\/wp-content\/uploads\/2025\/09\/Daten-ueber-die-Afghanische-Diaspora-Aufklaerungsforum-Afghanistan-1024x485.jpg 1024w, https:\/\/af-afghanistan.com\/wp-content\/uploads\/2025\/09\/Daten-ueber-die-Afghanische-Diaspora-Aufklaerungsforum-Afghanistan-300x142.jpg 300w, https:\/\/af-afghanistan.com\/wp-content\/uploads\/2025\/09\/Daten-ueber-die-Afghanische-Diaspora-Aufklaerungsforum-Afghanistan-768x363.jpg 768w, https:\/\/af-afghanistan.com\/wp-content\/uploads\/2025\/09\/Daten-ueber-die-Afghanische-Diaspora-Aufklaerungsforum-Afghanistan-1536x727.jpg 1536w, https:\/\/af-afghanistan.com\/wp-content\/uploads\/2025\/09\/Daten-ueber-die-Afghanische-Diaspora-Aufklaerungsforum-Afghanistan-2048x969.jpg 2048w\" sizes=\"(max-width: 800px) 100vw, 800px\" \/>\t\t\t\t\t\t\t\t\t\t\t\t\t\t\t<\/div>\n\t\t\t\t<div class=\"elementor-element elementor-element-fb4c1ca elementor-widget elementor-widget-heading\" data-id=\"fb4c1ca\" data-element_type=\"widget\" data-e-type=\"widget\" data-settings=\"{&quot;ekit_we_effect_on&quot;:&quot;none&quot;}\" data-widget_type=\"heading.default\">\n\t\t\t\t\t<h2 class=\"elementor-heading-title elementor-size-default\">Daten \u00fcber die afghanische Diaspora in\nDeutschland<\/h2>\t\t\t\t<\/div>\n\t\t\t\t<div class=\"elementor-element elementor-element-9ff1e55 elementor-widget elementor-widget-text-editor\" data-id=\"9ff1e55\" data-element_type=\"widget\" data-e-type=\"widget\" data-settings=\"{&quot;ekit_we_effect_on&quot;:&quot;none&quot;}\" data-widget_type=\"text-editor.default\">\n\t\t\t\t\t\t\t\t\t<p data-start=\"0\" data-end=\"438\">Die Wanderungsbewegungen von Afghanistan nach Deutschland reichen mehrere Jahrzehnte zur\u00fcck, nahmen jedoch insbesondere in den Jahren <strong data-start=\"134\" data-end=\"151\">2015 und 2016<\/strong> im Zuge der Fluchtmigration deutlich zu. Im Jahr <strong data-start=\"201\" data-end=\"209\">2023<\/strong> lebten mehr als <strong data-start=\"226\" data-end=\"283\">419.000 Menschen mit afghanischer Staatsangeh\u00f6rigkeit<\/strong> in Deutschland, was rund <strong data-start=\"309\" data-end=\"340\">0,5 % der Gesamtbev\u00f6lkerung<\/strong> entspricht. Zum Vergleich: 2003 waren es lediglich knapp <strong data-start=\"398\" data-end=\"408\">66.000<\/strong> (Friedrichs und Popp 2024).<\/p><p data-start=\"440\" data-end=\"854\">Bereits vor 1979 kamen afghanische Zuwanderinnen und Zuwanderer nach Deutschland, meist zu <strong data-start=\"531\" data-end=\"563\">Studien- oder Erwerbszwecken<\/strong>. Besonders in <strong data-start=\"578\" data-end=\"589\">Hamburg<\/strong> etablierte sich ab den 1960er Jahren eine afghanische Gemeinde, da afghanische Gesch\u00e4ftsleute dort den <strong data-start=\"693\" data-end=\"721\">Teppich- und Warenimport<\/strong> dominierten. Heute leben mehr als <strong data-start=\"756\" data-end=\"818\">15 % aller Menschen mit afghanischem Migrationshintergrund<\/strong> in Deutschland in der Hansestadt.<\/p><p data-start=\"856\" data-end=\"1211\">Die erste gro\u00dfe <strong data-start=\"872\" data-end=\"891\">Fluchtmigration<\/strong> setzte 1979 mit dem <strong data-start=\"912\" data-end=\"941\">Einmarsch der Sowjetunion<\/strong> ein. Vor allem die politische und gesellschaftliche Elite verlie\u00df das Land. Auch in Deutschland fanden Gefl\u00fcchtete Zuflucht, ihre Zahl blieb jedoch lange niedrig. Im Jahr 2001 lebten <strong data-start=\"1125\" data-end=\"1181\">72.000 Personen mit afghanischer Staatsangeh\u00f6rigkeit<\/strong> in Deutschland (Popp 2022).<\/p><p data-start=\"1213\" data-end=\"1626\">Die Verschlechterung der Lage in Afghanistan spiegelt sich in den <strong data-start=\"1279\" data-end=\"1295\">Schutzquoten<\/strong> wider. Zwischen 2015 und 2021 lag die Quote bei durchschnittlich <strong data-start=\"1361\" data-end=\"1369\">44 %<\/strong>. Im Jahr 2022 stieg sie auf <strong data-start=\"1398\" data-end=\"1406\">83 %<\/strong>, 2023 lag sie bei <strong data-start=\"1425\" data-end=\"1433\">76 %<\/strong>. Seit Ende 2021 gilt f\u00fcr afghanische Schutzsuchende zudem eine <strong data-start=\"1497\" data-end=\"1527\">positive Bleibeperspektive<\/strong>, die ihnen einen schnelleren Zugang zu <strong data-start=\"1567\" data-end=\"1612\">Integrationskursen, Arbeit und Ausbildung<\/strong> erm\u00f6glicht.<\/p><p data-start=\"1628\" data-end=\"2306\">Als Reaktion auf die politische und humanit\u00e4re Situation seit 2021 erweiterte Deutschland die <strong data-start=\"1722\" data-end=\"1743\">Aufnahmeprogramme<\/strong>. Damit wurde Afghaninnen und Afghanen die regul\u00e4re Einreise erm\u00f6glicht, meist ohne Asylantrag. Stattdessen erhielten sie einen zun\u00e4chst auf drei Jahre befristeten <strong data-start=\"1907\" data-end=\"1939\">humanit\u00e4ren Aufenthaltstitel<\/strong>, der Zugang zu Arbeit, Ausbildung, Integrationskursen und Sozialleistungen gew\u00e4hrt. Auch die <strong data-start=\"2033\" data-end=\"2060\">Familienzusammenf\u00fchrung<\/strong> ist m\u00f6glich. Bis Mitte 2024 konnten \u00fcber <strong data-start=\"2102\" data-end=\"2121\">33.600 Personen<\/strong> \u00fcber das <strong data-start=\"2131\" data-end=\"2154\">Ortskr\u00e4fteverfahren<\/strong>, die <strong data-start=\"2160\" data-end=\"2183\">Menschenrechtsliste<\/strong>, das <strong data-start=\"2189\" data-end=\"2214\">\u00dcberbr\u00fcckungsprogramm<\/strong> und das <strong data-start=\"2223\" data-end=\"2249\">Bundesaufnahmeprogramm<\/strong> nach Deutschland einreisen (Friedrichs und Popp 2024).<\/p><h3 data-start=\"2308\" data-end=\"2352\">Bundesaufnahmeprogramm f\u00fcr Afghanistan<\/h3><p data-start=\"2353\" data-end=\"2685\">Seit der erneuten Macht\u00fcbernahme der Taliban sind zahlreiche Afghaninnen und Afghanen von <strong data-start=\"2443\" data-end=\"2471\">Bedrohung und Verfolgung<\/strong> betroffen \u2013 u. a. aufgrund ihres <strong data-start=\"2505\" data-end=\"2552\">Einsatzes f\u00fcr Demokratie und Menschenrechte<\/strong>, ihrer <strong data-start=\"2560\" data-end=\"2621\">Zusammenarbeit mit westlichen Staaten oder Organisationen<\/strong>, ihres <strong data-start=\"2629\" data-end=\"2644\">Geschlechts<\/strong> oder ihrer <strong data-start=\"2656\" data-end=\"2682\">sexuellen Orientierung<\/strong>.<\/p><p data-start=\"2687\" data-end=\"2829\">Die Bundesregierung hat daher zugesagt, rund <strong data-start=\"2732\" data-end=\"2801\">45.000 besonders gef\u00e4hrdete Personen und ihre Familienangeh\u00f6rigen<\/strong> aufzunehmen. Dazu z\u00e4hlen:<\/p><p data-start=\"2832\" data-end=\"2904\">\u00fcber <strong data-start=\"2837\" data-end=\"2880\">25.100 ehemalige afghanische Ortskr\u00e4fte<\/strong> und ihre Angeh\u00f6rigen,<\/p><p data-start=\"2907\" data-end=\"3050\">sowie mehr als <strong data-start=\"2922\" data-end=\"2960\">19.900 weitere gef\u00e4hrdete Personen<\/strong>, die in Zusammenarbeit mit zivilgesellschaftlichen Organisationen identifiziert wurden.<\/p><p data-start=\"3052\" data-end=\"3432\">Bis April 2024 waren bereits <strong data-start=\"3081\" data-end=\"3105\">\u00fcber 33.200 Menschen<\/strong> eingereist, darunter <strong data-start=\"3127\" data-end=\"3161\">20.300 Ortskr\u00e4fte mit Familien<\/strong> und <strong data-start=\"3166\" data-end=\"3233\">12.900 weitere gef\u00e4hrdete Afghaninnen und Afghanen mit Familien<\/strong>. Das <strong data-start=\"3239\" data-end=\"3265\">Bundesaufnahmeprogramm<\/strong>, das am <strong data-start=\"3274\" data-end=\"3294\">17. Oktober 2022<\/strong> initiiert wurde, soll auch k\u00fcnftig diesen besonders bedrohten Gruppen die Einreise nach Deutschland erm\u00f6glichen (Ausw\u00e4rtiges Amt 2024).<\/p>\t\t\t\t\t\t\t\t<\/div>\n\t\t\t\t\t<\/div>\n\t\t<\/div>\n\t\t\t\t\t<\/div>\n\t\t<\/section>\n\t\t\t\t\t<\/div>\n\t\t<\/div>\n\t\t\t\t\t<\/div>\n\t\t<\/section>\n\t\t<div data-particle_enable=\"false\" data-particle-mobile-disabled=\"false\" class=\"elementor-element elementor-element-28d9835 e-flex e-con-boxed e-con e-parent\" data-id=\"28d9835\" data-element_type=\"container\" data-e-type=\"container\" data-settings=\"{&quot;ekit_has_onepagescroll_dot&quot;:&quot;yes&quot;}\">\n\t\t\t\t\t<div class=\"e-con-inner\">\n\t\t<div data-particle_enable=\"false\" data-particle-mobile-disabled=\"false\" class=\"elementor-element elementor-element-af9fd1c e-grid e-con-full e-con e-child\" data-id=\"af9fd1c\" data-element_type=\"container\" data-e-type=\"container\" data-settings=\"{&quot;ekit_has_onepagescroll_dot&quot;:&quot;yes&quot;}\">\n\t\t\t\t<div class=\"elementor-element elementor-element-07aea10 elementor-align-center elementor-widget elementor-widget-button\" data-id=\"07aea10\" data-element_type=\"widget\" data-e-type=\"widget\" data-settings=\"{&quot;ekit_we_effect_on&quot;:&quot;none&quot;}\" data-widget_type=\"button.default\">\n\t\t\t\t\t\t\t\t\t\t<a class=\"elementor-button elementor-button-link elementor-size-sm\" href=\"https:\/\/af-afghanistan.com\/en\/die-afghanische-tragoedie-in-zahlen\/\">\n\t\t\t\t\t\t<span class=\"elementor-button-content-wrapper\">\n\t\t\t\t\t\t\t\t\t<span class=\"elementor-button-text\">Zu Kapitel 1<\/span>\n\t\t\t\t\t<\/span>\n\t\t\t\t\t<\/a>\n\t\t\t\t\t\t\t\t<\/div>\n\t\t\t\t<div class=\"elementor-element elementor-element-1e23456 elementor-align-center elementor-widget elementor-widget-button\" data-id=\"1e23456\" data-element_type=\"widget\" data-e-type=\"widget\" data-settings=\"{&quot;ekit_we_effect_on&quot;:&quot;none&quot;}\" data-widget_type=\"button.default\">\n\t\t\t\t\t\t\t\t\t\t<a class=\"elementor-button elementor-button-link elementor-size-sm\" href=\"https:\/\/af-afghanistan.com\/en\/die-hintergruende-des-krieges\/\">\n\t\t\t\t\t\t<span class=\"elementor-button-content-wrapper\">\n\t\t\t\t\t\t\t\t\t<span class=\"elementor-button-text\">To chapter 2<\/span>\n\t\t\t\t\t<\/span>\n\t\t\t\t\t<\/a>\n\t\t\t\t\t\t\t\t<\/div>\n\t\t\t\t<div class=\"elementor-element elementor-element-2decc1c elementor-align-center elementor-widget elementor-widget-button\" data-id=\"2decc1c\" data-element_type=\"widget\" data-e-type=\"widget\" data-settings=\"{&quot;ekit_we_effect_on&quot;:&quot;none&quot;}\" data-widget_type=\"button.default\">\n\t\t\t\t\t\t\t\t\t\t<a class=\"elementor-button elementor-button-link elementor-size-sm\" href=\"https:\/\/af-afghanistan.com\/en\/basisdaten\/\">\n\t\t\t\t\t\t<span class=\"elementor-button-content-wrapper\">\n\t\t\t\t\t\t\t\t\t<span class=\"elementor-button-text\">To chapter 3<\/span>\n\t\t\t\t\t<\/span>\n\t\t\t\t\t<\/a>\n\t\t\t\t\t\t\t\t<\/div>\n\t\t\t\t<div class=\"elementor-element elementor-element-5b94d2d elementor-align-center elementor-widget elementor-widget-button\" data-id=\"5b94d2d\" data-element_type=\"widget\" data-e-type=\"widget\" data-settings=\"{&quot;ekit_we_effect_on&quot;:&quot;none&quot;}\" data-widget_type=\"button.default\">\n\t\t\t\t\t\t\t\t\t\t<a class=\"elementor-button elementor-button-link elementor-size-sm\" href=\"https:\/\/af-afghanistan.com\/en\/ueber-afa-e-v\/\">\n\t\t\t\t\t\t<span class=\"elementor-button-content-wrapper\">\n\t\t\t\t\t\t\t\t\t<span class=\"elementor-button-text\">To chapter 5<\/span>\n\t\t\t\t\t<\/span>\n\t\t\t\t\t<\/a>\n\t\t\t\t\t\t\t\t<\/div>\n\t\t\t\t<div class=\"elementor-element elementor-element-d0b7ba9 elementor-align-center elementor-widget elementor-widget-button\" data-id=\"d0b7ba9\" data-element_type=\"widget\" data-e-type=\"widget\" data-settings=\"{&quot;ekit_we_effect_on&quot;:&quot;none&quot;}\" data-widget_type=\"button.default\">\n\t\t\t\t\t\t\t\t\t\t<a class=\"elementor-button elementor-button-link elementor-size-sm\" href=\"https:\/\/af-afghanistan.com\/en\/literaturverzeichnis\/\">\n\t\t\t\t\t\t<span class=\"elementor-button-content-wrapper\">\n\t\t\t\t\t\t\t\t\t<span class=\"elementor-button-text\">To chapter 6<\/span>\n\t\t\t\t\t<\/span>\n\t\t\t\t\t<\/a>\n\t\t\t\t\t\t\t\t<\/div>\n\t\t\t\t<div class=\"elementor-element elementor-element-a997551 elementor-align-center elementor-widget elementor-widget-button\" data-id=\"a997551\" data-element_type=\"widget\" data-e-type=\"widget\" data-settings=\"{&quot;ekit_we_effect_on&quot;:&quot;none&quot;}\" data-widget_type=\"button.default\">\n\t\t\t\t\t\t\t\t\t\t<a class=\"elementor-button elementor-button-link elementor-size-sm\" href=\"https:\/\/af-afghanistan.com\/en\/literatursammlung\/\">\n\t\t\t\t\t\t<span class=\"elementor-button-content-wrapper\">\n\t\t\t\t\t\t\t\t\t<span class=\"elementor-button-text\">To chapter 7<\/span>\n\t\t\t\t\t<\/span>\n\t\t\t\t\t<\/a>\n\t\t\t\t\t\t\t\t<\/div>\n\t\t\t\t<\/div>\n\t\t\t\t\t<\/div>\n\t\t\t\t<\/div>\n\t\t\t\t<\/div>","protected":false},"excerpt":{"rendered":"<p>Kapitel 4 4.0 Daten \u00fcber die afghanische Diaspora in Deutschland mehr erfahren Kapitel 4 Daten \u00fcber die afghanische Diaspora in Deutschland Die Wanderungsbewegungen von Afghanistan nach Deutschland reichen mehrere Jahrzehnte zur\u00fcck, nahmen jedoch insbesondere in den Jahren 2015 und 2016 im Zuge der Fluchtmigration deutlich zu. Im Jahr 2023 lebten mehr als 419.000 Menschen mit [&hellip;]<\/p>\n","protected":false},"author":1,"featured_media":0,"parent":0,"menu_order":0,"comment_status":"closed","ping_status":"closed","template":"elementor_header_footer","meta":{"footnotes":""},"class_list":["post-725","page","type-page","status-publish","hentry"],"_links":{"self":[{"href":"https:\/\/af-afghanistan.com\/en\/wp-json\/wp\/v2\/pages\/725","targetHints":{"allow":["GET"]}}],"collection":[{"href":"https:\/\/af-afghanistan.com\/en\/wp-json\/wp\/v2\/pages"}],"about":[{"href":"https:\/\/af-afghanistan.com\/en\/wp-json\/wp\/v2\/types\/page"}],"author":[{"embeddable":true,"href":"https:\/\/af-afghanistan.com\/en\/wp-json\/wp\/v2\/users\/1"}],"replies":[{"embeddable":true,"href":"https:\/\/af-afghanistan.com\/en\/wp-json\/wp\/v2\/comments?post=725"}],"version-history":[{"count":31,"href":"https:\/\/af-afghanistan.com\/en\/wp-json\/wp\/v2\/pages\/725\/revisions"}],"predecessor-version":[{"id":983,"href":"https:\/\/af-afghanistan.com\/en\/wp-json\/wp\/v2\/pages\/725\/revisions\/983"}],"wp:attachment":[{"href":"https:\/\/af-afghanistan.com\/en\/wp-json\/wp\/v2\/media?parent=725"}],"curies":[{"name":"wp","href":"https:\/\/api.w.org\/{rel}","templated":true}]}}