{"id":736,"date":"2025-09-03T06:07:02","date_gmt":"2025-09-03T06:07:02","guid":{"rendered":"https:\/\/af-afghanistan.com\/?page_id=736"},"modified":"2025-09-04T17:18:58","modified_gmt":"2025-09-04T17:18:58","slug":"ueber-afa-e-v","status":"publish","type":"page","link":"https:\/\/af-afghanistan.com\/en\/ueber-afa-e-v\/","title":{"rendered":"About AfA e.V."},"content":{"rendered":"<div data-elementor-type=\"wp-page\" data-elementor-id=\"736\" class=\"elementor elementor-736\" data-elementor-post-type=\"page\">\n\t\t\t\t\t\t<section data-particle_enable=\"false\" data-particle-mobile-disabled=\"false\" class=\"elementor-section elementor-top-section elementor-element elementor-element-17d36c68 elementor-section-boxed elementor-section-height-default elementor-section-height-default\" data-id=\"17d36c68\" data-element_type=\"section\" data-e-type=\"section\" data-settings=\"{&quot;background_background&quot;:&quot;classic&quot;,&quot;ekit_has_onepagescroll_dot&quot;:&quot;yes&quot;}\">\n\t\t\t\t\t\t\t<div class=\"elementor-background-overlay\"><\/div>\n\t\t\t\t\t\t\t<div class=\"elementor-container elementor-column-gap-default\">\n\t\t\t\t\t<div class=\"elementor-column elementor-col-100 elementor-top-column elementor-element elementor-element-77bea096 elementor-invisible\" data-id=\"77bea096\" data-element_type=\"column\" data-e-type=\"column\" data-settings=\"{&quot;animation&quot;:&quot;fadeInUp&quot;}\">\n\t\t\t<div class=\"elementor-widget-wrap elementor-element-populated\">\n\t\t\t\t\t\t<div class=\"elementor-element elementor-element-790e30f elementor-widget elementor-widget-heading\" data-id=\"790e30f\" data-element_type=\"widget\" data-e-type=\"widget\" data-settings=\"{&quot;ekit_we_effect_on&quot;:&quot;none&quot;}\" data-widget_type=\"heading.default\">\n\t\t\t\t\t<h6 class=\"elementor-heading-title elementor-size-default\">Chapter 5<\/h6>\t\t\t\t<\/div>\n\t\t\t\t<div class=\"elementor-element elementor-element-7d63194a elementor-widget elementor-widget-heading\" data-id=\"7d63194a\" data-element_type=\"widget\" data-e-type=\"widget\" data-settings=\"{&quot;ekit_we_effect_on&quot;:&quot;none&quot;}\" data-widget_type=\"heading.default\">\n\t\t\t\t\t<h1 class=\"elementor-heading-title elementor-size-default\">About AfA e.V.<\/h1>\t\t\t\t<\/div>\n\t\t\t\t\t<\/div>\n\t\t<\/div>\n\t\t\t\t\t<\/div>\n\t\t<\/section>\n\t\t\t\t<section data-particle_enable=\"false\" data-particle-mobile-disabled=\"false\" class=\"elementor-section elementor-top-section elementor-element elementor-element-58cc95f8 elementor-section-boxed elementor-section-height-default elementor-section-height-default\" data-id=\"58cc95f8\" data-element_type=\"section\" data-e-type=\"section\" data-settings=\"{&quot;ekit_has_onepagescroll_dot&quot;:&quot;yes&quot;}\">\n\t\t\t\t\t\t<div class=\"elementor-container elementor-column-gap-default\">\n\t\t\t\t\t<div class=\"elementor-column elementor-col-100 elementor-top-column elementor-element elementor-element-7c0b5998\" data-id=\"7c0b5998\" data-element_type=\"column\" data-e-type=\"column\">\n\t\t\t<div class=\"elementor-widget-wrap elementor-element-populated\">\n\t\t\t\t\t\t<section data-particle_enable=\"false\" data-particle-mobile-disabled=\"false\" class=\"elementor-section elementor-inner-section elementor-element elementor-element-7332068 elementor-section-boxed elementor-section-height-default elementor-section-height-default elementor-invisible\" data-id=\"7332068\" data-element_type=\"section\" data-e-type=\"section\" data-settings=\"{&quot;animation&quot;:&quot;fadeInUp&quot;,&quot;ekit_has_onepagescroll_dot&quot;:&quot;yes&quot;}\">\n\t\t\t\t\t\t<div class=\"elementor-container elementor-column-gap-default\">\n\t\t\t\t\t<div class=\"elementor-column elementor-col-100 elementor-inner-column elementor-element elementor-element-55958dbe\" data-id=\"55958dbe\" data-element_type=\"column\" data-e-type=\"column\">\n\t\t\t<div class=\"elementor-widget-wrap elementor-element-populated\">\n\t\t\t\t\t\t<div class=\"elementor-element elementor-element-56d9cd1 elementor-bg-transform elementor-bg-transform-move-up elementor-cta--skin-classic elementor-animated-content elementor-widget elementor-widget-call-to-action\" data-id=\"56d9cd1\" data-element_type=\"widget\" data-e-type=\"widget\" data-settings=\"{&quot;ekit_we_effect_on&quot;:&quot;none&quot;}\" data-widget_type=\"call-to-action.default\">\n\t\t\t\t\t\t\t<div class=\"elementor-cta\">\n\t\t\t\t\t<div class=\"elementor-cta__bg-wrapper\">\n\t\t\t\t<div class=\"elementor-cta__bg elementor-bg\" style=\"background-image: url(https:\/\/af-afghanistan.com\/wp-content\/uploads\/2025\/09\/Aufklaerungsforum-Afghanistan.png);\" role=\"img\" aria-label=\"Aufkl\u00e4rungsforum Afghanistan - Wir kl\u00e4ren \u00fcber die Zust\u00e4nde in Afghanistan auf\"><\/div>\n\t\t\t\t<div class=\"elementor-cta__bg-overlay\"><\/div>\n\t\t\t<\/div>\n\t\t\t\t\t\t\t<div class=\"elementor-cta__content\">\n\t\t\t\t\n\t\t\t\t\t\t\t\t\t<h4 class=\"elementor-cta__title elementor-cta__content-item elementor-content-item\">\n\t\t\t\t\t\t5.0 \u00dcber AfA e.V.\t\t\t\t\t<\/h4>\n\t\t\t\t\n\t\t\t\t\n\t\t\t\t\t\t\t\t\t<div class=\"elementor-cta__button-wrapper elementor-cta__content-item elementor-content-item\">\n\t\t\t\t\t<a class=\"elementor-cta__button elementor-button elementor-size-md\" href=\"#afa-e.v.\">\n\t\t\t\t\t\tlearn more\t\t\t\t\t<\/a>\n\t\t\t\t\t<\/div>\n\t\t\t\t\t\t\t<\/div>\n\t\t\t\t\t\t<\/div>\n\t\t\t\t\t\t<\/div>\n\t\t\t\t\t<\/div>\n\t\t<\/div>\n\t\t\t\t\t<\/div>\n\t\t<\/section>\n\t\t\t\t\t<\/div>\n\t\t<\/div>\n\t\t\t\t\t<\/div>\n\t\t<\/section>\n\t\t\t\t<section data-particle_enable=\"false\" data-particle-mobile-disabled=\"false\" class=\"elementor-section elementor-top-section elementor-element elementor-element-7f8d998 elementor-section-boxed elementor-section-height-default elementor-section-height-default\" data-id=\"7f8d998\" data-element_type=\"section\" data-e-type=\"section\" data-settings=\"{&quot;ekit_has_onepagescroll_dot&quot;:&quot;yes&quot;}\">\n\t\t\t\t\t\t<div class=\"elementor-container elementor-column-gap-default\">\n\t\t\t\t\t<div class=\"elementor-column elementor-col-100 elementor-top-column elementor-element elementor-element-73d80e1\" data-id=\"73d80e1\" data-element_type=\"column\" data-e-type=\"column\">\n\t\t\t<div class=\"elementor-widget-wrap elementor-element-populated\">\n\t\t\t\t\t\t<section data-particle_enable=\"false\" data-particle-mobile-disabled=\"false\" class=\"elementor-section elementor-inner-section elementor-element elementor-element-12d0fbc elementor-section-boxed elementor-section-height-default elementor-section-height-default\" data-id=\"12d0fbc\" data-element_type=\"section\" data-e-type=\"section\" data-settings=\"{&quot;ekit_has_onepagescroll_dot&quot;:&quot;yes&quot;}\">\n\t\t\t\t\t\t<div class=\"elementor-container elementor-column-gap-default\">\n\t\t\t\t\t<div class=\"elementor-column elementor-col-100 elementor-inner-column elementor-element elementor-element-eb0fbad elementor-invisible\" data-id=\"eb0fbad\" data-element_type=\"column\" data-e-type=\"column\" data-settings=\"{&quot;animation&quot;:&quot;fadeInUp&quot;}\">\n\t\t\t<div class=\"elementor-widget-wrap elementor-element-populated\">\n\t\t\t\t\t\t<div class=\"elementor-element elementor-element-1724d9a elementor-widget elementor-widget-menu-anchor\" data-id=\"1724d9a\" data-element_type=\"widget\" data-e-type=\"widget\" data-settings=\"{&quot;ekit_we_effect_on&quot;:&quot;none&quot;}\" data-widget_type=\"menu-anchor.default\">\n\t\t\t\t\t\t\t<div class=\"elementor-menu-anchor\" id=\"daten-afghanische-diaspora\"><\/div>\n\t\t\t\t\t\t<\/div>\n\t\t\t\t<div class=\"elementor-element elementor-element-47788d7 elementor-widget elementor-widget-heading\" data-id=\"47788d7\" data-element_type=\"widget\" data-e-type=\"widget\" data-settings=\"{&quot;ekit_we_effect_on&quot;:&quot;none&quot;}\" data-widget_type=\"heading.default\">\n\t\t\t\t\t<h6 class=\"elementor-heading-title elementor-size-default\">Chapter 5<\/h6>\t\t\t\t<\/div>\n\t\t\t\t<div class=\"elementor-element elementor-element-6a0bea4 elementor-widget elementor-widget-image\" data-id=\"6a0bea4\" data-element_type=\"widget\" data-e-type=\"widget\" data-settings=\"{&quot;ekit_we_effect_on&quot;:&quot;none&quot;}\" data-widget_type=\"image.default\">\n\t\t\t\t\t\t\t\t\t\t\t\t\t\t\t<img fetchpriority=\"high\" decoding=\"async\" width=\"800\" height=\"800\" src=\"https:\/\/af-afghanistan.com\/wp-content\/uploads\/2025\/09\/Aufklaerungsforum-Afghanistan-1024x1024.png\" class=\"attachment-large size-large wp-image-146\" alt=\"Aufkl\u00e4rungsforum Afghanistan - Wir kl\u00e4ren \u00fcber die Zust\u00e4nde in Afghanistan auf\" srcset=\"https:\/\/af-afghanistan.com\/wp-content\/uploads\/2025\/09\/Aufklaerungsforum-Afghanistan-1024x1024.png 1024w, https:\/\/af-afghanistan.com\/wp-content\/uploads\/2025\/09\/Aufklaerungsforum-Afghanistan-300x300.png 300w, https:\/\/af-afghanistan.com\/wp-content\/uploads\/2025\/09\/Aufklaerungsforum-Afghanistan-150x150.png 150w, https:\/\/af-afghanistan.com\/wp-content\/uploads\/2025\/09\/Aufklaerungsforum-Afghanistan-768x768.png 768w, https:\/\/af-afghanistan.com\/wp-content\/uploads\/2025\/09\/Aufklaerungsforum-Afghanistan-1536x1536.png 1536w, https:\/\/af-afghanistan.com\/wp-content\/uploads\/2025\/09\/Aufklaerungsforum-Afghanistan.png 1563w\" sizes=\"(max-width: 800px) 100vw, 800px\" \/>\t\t\t\t\t\t\t\t\t\t\t\t\t\t\t<\/div>\n\t\t\t\t<div class=\"elementor-element elementor-element-fb4c1ca elementor-widget elementor-widget-heading\" data-id=\"fb4c1ca\" data-element_type=\"widget\" data-e-type=\"widget\" data-settings=\"{&quot;ekit_we_effect_on&quot;:&quot;none&quot;}\" data-widget_type=\"heading.default\">\n\t\t\t\t\t<h2 class=\"elementor-heading-title elementor-size-default\">About AfA e.V.<\/h2>\t\t\t\t<\/div>\n\t\t\t\t<div class=\"elementor-element elementor-element-9ff1e55 elementor-widget elementor-widget-text-editor\" data-id=\"9ff1e55\" data-element_type=\"widget\" data-e-type=\"widget\" data-settings=\"{&quot;ekit_we_effect_on&quot;:&quot;none&quot;}\" data-widget_type=\"text-editor.default\">\n\t\t\t\t\t\t\t\t\t<p data-start=\"0\" data-end=\"494\">Der Abzug der amerikanischen Truppen am <strong data-start=\"40\" data-end=\"59\">31. August 2021<\/strong> markierte nicht das Ende der seit April 1978 andauernden Trag\u00f6die in Afghanistan. Die erneute Macht\u00fcbernahme der Taliban birgt das Risiko einer <strong data-start=\"204\" data-end=\"231\">humanit\u00e4ren Katastrophe<\/strong>, ausgel\u00f6st durch den Zerfall gesellschaftlicher, sozialer, politischer, kultureller und historischer Strukturen. Eine umfassende Analyse der Ursachen ist notwendig, die nur unter Einbezug der <strong data-start=\"424\" data-end=\"449\">afghanischen Diaspora<\/strong> in ihrer ganzen Komplexit\u00e4t erfolgen kann.<\/p><p data-start=\"496\" data-end=\"1176\">Vor diesem Hintergrund wurde das <strong data-start=\"529\" data-end=\"577\">Aufkl\u00e4rungsforum Afghanistan e.V. (AfA e.V.)<\/strong> gegr\u00fcndet \u2013 eine Vereinigung der afghanischen Diaspora im deutschsprachigen Raum. Ziel des Vereins ist es, die <strong data-start=\"689\" data-end=\"732\">deutsche und afghanische \u00d6ffentlichkeit<\/strong> \u00fcber die politischen und historischen Zusammenh\u00e4nge der Ereignisse in Afghanistan aufzukl\u00e4ren. Der Dialog mit der <strong data-start=\"847\" data-end=\"900\">deutschen Bev\u00f6lkerung, Politik und \u00d6ffentlichkeit<\/strong> ist ein zentraler Bestandteil der Arbeit. Auf Basis der langj\u00e4hrigen Erfahrung seiner Mitglieder in verschiedenen Wiederaufbauprozessen seit 1997 will das AfA e.V. aktiv zu <strong data-start=\"1074\" data-end=\"1116\">Kooperation, Beratung und Koordination<\/strong> mit anderen in Deutschland t\u00e4tigen Initiativen beitragen.<\/p><h3 data-start=\"1178\" data-end=\"1232\">Aufarbeitung des deutschen Afghanistan-Einsatzes<\/h3><p data-start=\"1234\" data-end=\"1755\">Im <strong data-start=\"1237\" data-end=\"1252\">Januar 2022<\/strong> betonten die <strong data-start=\"1266\" data-end=\"1312\">wissenschaftlichen Dienste des Bundestages<\/strong> die Notwendigkeit einer umfassenden Aufarbeitung des deutschen Afghanistan-Einsatzes. Die erzielten Fortschritte nach 20 Jahren wurden als <strong data-start=\"1452\" data-end=\"1485\">marginal und nicht nachhaltig<\/strong> bewertet. Im R\u00fcckblick zeigt sich, dass nicht nur die internationale Koalition gravierende Fehler machte, sondern insbesondere die <strong data-start=\"1617\" data-end=\"1650\">korrupten Eliten Afghanistans<\/strong>, die vom Westen unterst\u00fctzt wurden, eine wesentliche Verantwortung f\u00fcr die gegenw\u00e4rtige Misere tragen.<\/p><p data-start=\"1757\" data-end=\"2131\">Kein anderes Land der Welt erhielt in den vergangenen zwei Jahrzehnten eine vergleichbare internationale Unterst\u00fctzung: <strong data-start=\"1877\" data-end=\"1891\">85 Staaten<\/strong> beteiligten sich am Afghanistan-Einsatz, davon <strong data-start=\"1939\" data-end=\"1957\">50 milit\u00e4risch<\/strong>. Hinzu kamen <strong data-start=\"1971\" data-end=\"2007\">15 internationale Organisationen<\/strong> und rund <strong data-start=\"2017\" data-end=\"2063\">1.700 Nichtregierungsorganisationen (NGOs)<\/strong>, die sich am Wiederaufbau beteiligten (Deutscher Bundestag 2022).<\/p><p data-start=\"2133\" data-end=\"2622\">Im <strong data-start=\"2136\" data-end=\"2152\">Februar 2024<\/strong> legte die vom Bundestag 2022 eingesetzte <strong data-start=\"2194\" data-end=\"2294\">Enquete-Kommission \u201eLehren aus Afghanistan f\u00fcr das zuk\u00fcnftige vernetzte Engagement Deutschlands\u201c<\/strong> ihren Zwischenbericht vor. Das deutsche Engagement zwischen 2001 und 2021 wurde als <strong data-start=\"2379\" data-end=\"2451\">fatale Mischung aus Strategielosigkeit und \u00fcberambitionierten Zielen<\/strong> bewertet, kombiniert mit einer <strong data-start=\"2483\" data-end=\"2537\">ignoranten Abwesenheit grundlegenden Sachverstands<\/strong> \u00fcber die politischen, gesellschaftlichen und historischen Realit\u00e4ten Afghanistans.<\/p><p data-start=\"2624\" data-end=\"2909\">Die Kommission, die zur H\u00e4lfte aus Bundestagsabgeordneten besteht, kritisierte insbesondere die <strong data-start=\"2720\" data-end=\"2760\">mangelnde parlamentarische Kontrolle<\/strong> in strategisch-politischen Fragen. Aus dem Scheitern ergibt sich eine <strong data-start=\"2831\" data-end=\"2864\">Mitverantwortung Deutschlands<\/strong> f\u00fcr die aktuelle Situation in Afghanistan.<\/p><p data-start=\"2911\" data-end=\"3317\">In der zweiten Phase der Enquete-Kommission sollen auf Basis der gewonnenen Erkenntnisse konkrete <strong data-start=\"3009\" data-end=\"3061\">Empfehlungen f\u00fcr das zuk\u00fcnftige Krisenmanagement<\/strong> der Bundesregierung erarbeitet werden. Die derzeit \u00fcber <strong data-start=\"3118\" data-end=\"3164\">VN-Treuhandfonds und Partnerorganisationen<\/strong> geleistete Hilfe lindert die humanit\u00e4re Krise nur begrenzt und verst\u00e4rkt zugleich die <strong data-start=\"3251\" data-end=\"3314\">Abh\u00e4ngigkeit Afghanistans von internationaler Unterst\u00fctzung<\/strong>.<\/p><p data-start=\"3319\" data-end=\"3627\">Die \u00dcbernahme von <strong data-start=\"3337\" data-end=\"3373\">Mitverantwortung f\u00fcr Afghanistan<\/strong> \u2013 sowohl gegenw\u00e4rtig als auch zuk\u00fcnftig \u2013 wird als Teil einer <strong data-start=\"3436\" data-end=\"3486\">werte- und interessenorientierten Au\u00dfenpolitik<\/strong> verstanden, auch wenn dies mit hohen Kosten, Opfern und dem Scheitern des bisherigen Engagements verbunden ist (Mielke und Nachtwei 2024).<\/p>\t\t\t\t\t\t\t\t<\/div>\n\t\t\t\t\t<\/div>\n\t\t<\/div>\n\t\t\t\t\t<\/div>\n\t\t<\/section>\n\t\t\t\t\t<\/div>\n\t\t<\/div>\n\t\t\t\t\t<\/div>\n\t\t<\/section>\n\t\t<div data-particle_enable=\"false\" data-particle-mobile-disabled=\"false\" class=\"elementor-element elementor-element-7bae18b e-flex e-con-boxed e-con e-parent\" data-id=\"7bae18b\" data-element_type=\"container\" data-e-type=\"container\" data-settings=\"{&quot;ekit_has_onepagescroll_dot&quot;:&quot;yes&quot;}\">\n\t\t\t\t\t<div class=\"e-con-inner\">\n\t\t<div data-particle_enable=\"false\" data-particle-mobile-disabled=\"false\" class=\"elementor-element elementor-element-ced8cb9 e-grid e-con-full e-con e-child\" data-id=\"ced8cb9\" data-element_type=\"container\" data-e-type=\"container\" data-settings=\"{&quot;ekit_has_onepagescroll_dot&quot;:&quot;yes&quot;}\">\n\t\t\t\t<div class=\"elementor-element elementor-element-e74d32a elementor-align-center elementor-widget elementor-widget-button\" data-id=\"e74d32a\" data-element_type=\"widget\" data-e-type=\"widget\" data-settings=\"{&quot;ekit_we_effect_on&quot;:&quot;none&quot;}\" data-widget_type=\"button.default\">\n\t\t\t\t\t\t\t\t\t\t<a class=\"elementor-button elementor-button-link elementor-size-sm\" href=\"https:\/\/af-afghanistan.com\/en\/die-afghanische-tragoedie-in-zahlen\/\">\n\t\t\t\t\t\t<span class=\"elementor-button-content-wrapper\">\n\t\t\t\t\t\t\t\t\t<span class=\"elementor-button-text\">Zu Kapitel 1<\/span>\n\t\t\t\t\t<\/span>\n\t\t\t\t\t<\/a>\n\t\t\t\t\t\t\t\t<\/div>\n\t\t\t\t<div class=\"elementor-element elementor-element-1a50166 elementor-align-center elementor-widget elementor-widget-button\" data-id=\"1a50166\" data-element_type=\"widget\" data-e-type=\"widget\" data-settings=\"{&quot;ekit_we_effect_on&quot;:&quot;none&quot;}\" data-widget_type=\"button.default\">\n\t\t\t\t\t\t\t\t\t\t<a class=\"elementor-button elementor-button-link elementor-size-sm\" href=\"https:\/\/af-afghanistan.com\/en\/die-hintergruende-des-krieges\/\">\n\t\t\t\t\t\t<span class=\"elementor-button-content-wrapper\">\n\t\t\t\t\t\t\t\t\t<span class=\"elementor-button-text\">To chapter 2<\/span>\n\t\t\t\t\t<\/span>\n\t\t\t\t\t<\/a>\n\t\t\t\t\t\t\t\t<\/div>\n\t\t\t\t<div class=\"elementor-element elementor-element-9776cad elementor-align-center elementor-widget elementor-widget-button\" data-id=\"9776cad\" data-element_type=\"widget\" data-e-type=\"widget\" data-settings=\"{&quot;ekit_we_effect_on&quot;:&quot;none&quot;}\" data-widget_type=\"button.default\">\n\t\t\t\t\t\t\t\t\t\t<a class=\"elementor-button elementor-button-link elementor-size-sm\" href=\"https:\/\/af-afghanistan.com\/en\/basisdaten\/\">\n\t\t\t\t\t\t<span class=\"elementor-button-content-wrapper\">\n\t\t\t\t\t\t\t\t\t<span class=\"elementor-button-text\">To chapter 3<\/span>\n\t\t\t\t\t<\/span>\n\t\t\t\t\t<\/a>\n\t\t\t\t\t\t\t\t<\/div>\n\t\t\t\t<div class=\"elementor-element elementor-element-029aa91 elementor-align-center elementor-widget elementor-widget-button\" data-id=\"029aa91\" data-element_type=\"widget\" data-e-type=\"widget\" data-settings=\"{&quot;ekit_we_effect_on&quot;:&quot;none&quot;}\" data-widget_type=\"button.default\">\n\t\t\t\t\t\t\t\t\t\t<a class=\"elementor-button elementor-button-link elementor-size-sm\" href=\"https:\/\/af-afghanistan.com\/en\/daten-ueber-die-afghanische-diaspora-in-deutschland\/\">\n\t\t\t\t\t\t<span class=\"elementor-button-content-wrapper\">\n\t\t\t\t\t\t\t\t\t<span class=\"elementor-button-text\">To chapter 4<\/span>\n\t\t\t\t\t<\/span>\n\t\t\t\t\t<\/a>\n\t\t\t\t\t\t\t\t<\/div>\n\t\t\t\t<div class=\"elementor-element elementor-element-cdc5d1c elementor-align-center elementor-widget elementor-widget-button\" data-id=\"cdc5d1c\" data-element_type=\"widget\" data-e-type=\"widget\" data-settings=\"{&quot;ekit_we_effect_on&quot;:&quot;none&quot;}\" data-widget_type=\"button.default\">\n\t\t\t\t\t\t\t\t\t\t<a class=\"elementor-button elementor-button-link elementor-size-sm\" href=\"https:\/\/af-afghanistan.com\/en\/literaturverzeichnis\/\">\n\t\t\t\t\t\t<span class=\"elementor-button-content-wrapper\">\n\t\t\t\t\t\t\t\t\t<span class=\"elementor-button-text\">To chapter 6<\/span>\n\t\t\t\t\t<\/span>\n\t\t\t\t\t<\/a>\n\t\t\t\t\t\t\t\t<\/div>\n\t\t\t\t<div class=\"elementor-element elementor-element-6bfcbbb elementor-align-center elementor-widget elementor-widget-button\" data-id=\"6bfcbbb\" data-element_type=\"widget\" data-e-type=\"widget\" data-settings=\"{&quot;ekit_we_effect_on&quot;:&quot;none&quot;}\" data-widget_type=\"button.default\">\n\t\t\t\t\t\t\t\t\t\t<a class=\"elementor-button elementor-button-link elementor-size-sm\" href=\"https:\/\/af-afghanistan.com\/en\/literatursammlung\/\">\n\t\t\t\t\t\t<span class=\"elementor-button-content-wrapper\">\n\t\t\t\t\t\t\t\t\t<span class=\"elementor-button-text\">To chapter 7<\/span>\n\t\t\t\t\t<\/span>\n\t\t\t\t\t<\/a>\n\t\t\t\t\t\t\t\t<\/div>\n\t\t\t\t<\/div>\n\t\t\t\t\t<\/div>\n\t\t\t\t<\/div>\n\t\t\t\t<\/div>","protected":false},"excerpt":{"rendered":"<p>Kapitel 5 5.0 \u00dcber AfA e.V. mehr erfahren Kapitel 5 \u00dcber AfA e.V. Der Abzug der amerikanischen Truppen am 31. August 2021 markierte nicht das Ende der seit April 1978 andauernden Trag\u00f6die in Afghanistan. Die erneute Macht\u00fcbernahme der Taliban birgt das Risiko einer humanit\u00e4ren Katastrophe, ausgel\u00f6st durch den Zerfall gesellschaftlicher, sozialer, politischer, kultureller und historischer [&hellip;]<\/p>\n","protected":false},"author":1,"featured_media":0,"parent":0,"menu_order":0,"comment_status":"closed","ping_status":"closed","template":"elementor_header_footer","meta":{"footnotes":""},"class_list":["post-736","page","type-page","status-publish","hentry"],"_links":{"self":[{"href":"https:\/\/af-afghanistan.com\/en\/wp-json\/wp\/v2\/pages\/736","targetHints":{"allow":["GET"]}}],"collection":[{"href":"https:\/\/af-afghanistan.com\/en\/wp-json\/wp\/v2\/pages"}],"about":[{"href":"https:\/\/af-afghanistan.com\/en\/wp-json\/wp\/v2\/types\/page"}],"author":[{"embeddable":true,"href":"https:\/\/af-afghanistan.com\/en\/wp-json\/wp\/v2\/users\/1"}],"replies":[{"embeddable":true,"href":"https:\/\/af-afghanistan.com\/en\/wp-json\/wp\/v2\/comments?post=736"}],"version-history":[{"count":16,"href":"https:\/\/af-afghanistan.com\/en\/wp-json\/wp\/v2\/pages\/736\/revisions"}],"predecessor-version":[{"id":1003,"href":"https:\/\/af-afghanistan.com\/en\/wp-json\/wp\/v2\/pages\/736\/revisions\/1003"}],"wp:attachment":[{"href":"https:\/\/af-afghanistan.com\/en\/wp-json\/wp\/v2\/media?parent=736"}],"curies":[{"name":"wp","href":"https:\/\/api.w.org\/{rel}","templated":true}]}}