{"id":402,"date":"2025-09-03T00:33:55","date_gmt":"2025-09-03T00:33:55","guid":{"rendered":"https:\/\/af-afghanistan.com\/?page_id=402"},"modified":"2026-04-13T17:56:30","modified_gmt":"2026-04-13T17:56:30","slug":"1-oeffentliche-expertenveranstaltung","status":"publish","type":"page","link":"https:\/\/af-afghanistan.com\/ps\/1-oeffentliche-expertenveranstaltung\/","title":{"rendered":"\u062f \u0639\u0627\u0645\u0647 \u0645\u062a\u062e\u0635\u0635\u06cc\u0646\u0648 \u0644\u0648\u0645\u0693\u06cd \u063a\u0648\u0646\u0689\u0647"},"content":{"rendered":"<div data-elementor-type=\"wp-page\" data-elementor-id=\"402\" class=\"elementor elementor-402\" data-elementor-post-type=\"page\">\n\t\t\t\t\t\t<section data-particle_enable=\"false\" data-particle-mobile-disabled=\"false\" class=\"elementor-section elementor-top-section elementor-element elementor-element-7c408eb elementor-section-boxed elementor-section-height-default elementor-section-height-default\" data-id=\"7c408eb\" data-element_type=\"section\" data-e-type=\"section\" data-settings=\"{&quot;background_background&quot;:&quot;classic&quot;,&quot;ekit_has_onepagescroll_dot&quot;:&quot;yes&quot;}\">\n\t\t\t\t\t\t\t<div class=\"elementor-background-overlay\"><\/div>\n\t\t\t\t\t\t\t<div class=\"elementor-container elementor-column-gap-default\">\n\t\t\t\t\t<div class=\"elementor-column elementor-col-100 elementor-top-column elementor-element elementor-element-c9e7b44 elementor-invisible\" data-id=\"c9e7b44\" data-element_type=\"column\" data-e-type=\"column\" data-settings=\"{&quot;animation&quot;:&quot;fadeInUp&quot;}\">\n\t\t\t<div class=\"elementor-widget-wrap elementor-element-populated\">\n\t\t\t\t\t\t<div class=\"elementor-element elementor-element-203c300f elementor-widget elementor-widget-heading\" data-id=\"203c300f\" data-element_type=\"widget\" data-e-type=\"widget\" data-settings=\"{&quot;ekit_we_effect_on&quot;:&quot;none&quot;}\" data-widget_type=\"heading.default\">\n\t\t\t\t\t<h1 class=\"elementor-heading-title elementor-size-default\">\u062f \u0639\u0627\u0645\u0647 \u0645\u062a\u062e\u0635\u0635\u06cc\u0646\u0648 \u0644\u0648\u0645\u0693\u06cd \u063a\u0648\u0646\u0689\u0647<\/h1>\t\t\t\t<\/div>\n\t\t\t\t<div class=\"elementor-element elementor-element-16172223 elementor-widget elementor-widget-heading\" data-id=\"16172223\" data-element_type=\"widget\" data-e-type=\"widget\" data-settings=\"{&quot;ekit_we_effect_on&quot;:&quot;none&quot;}\" data-widget_type=\"heading.default\">\n\t\t\t\t\t<h4 class=\"elementor-heading-title elementor-size-default\">Die erste \u00f6ffentliche Veranstaltung von Aufkl\u00e4rungsforum Afghanistan e.V. hat am 02.09.2025 in K\u00f6nigstein im Taunus im Haus der Begegnung stattgefunden. Eine Zusammenfassung der Ergebnisse dieser Veranstaltung finden Sie unten.<\/h4>\t\t\t\t<\/div>\n\t\t\t\t\t<\/div>\n\t\t<\/div>\n\t\t\t\t\t<\/div>\n\t\t<\/section>\n\t\t\t\t<section data-particle_enable=\"false\" data-particle-mobile-disabled=\"false\" class=\"elementor-section elementor-top-section elementor-element elementor-element-7aeb7f8c elementor-section-boxed elementor-section-height-default elementor-section-height-default\" data-id=\"7aeb7f8c\" data-element_type=\"section\" data-e-type=\"section\" data-settings=\"{&quot;ekit_has_onepagescroll_dot&quot;:&quot;yes&quot;}\">\n\t\t\t\t\t\t<div class=\"elementor-container elementor-column-gap-default\">\n\t\t\t\t\t<div class=\"elementor-column elementor-col-100 elementor-top-column elementor-element elementor-element-614117e8\" data-id=\"614117e8\" data-element_type=\"column\" data-e-type=\"column\">\n\t\t\t<div class=\"elementor-widget-wrap elementor-element-populated\">\n\t\t\t\t\t\t<section data-particle_enable=\"false\" data-particle-mobile-disabled=\"false\" class=\"elementor-section elementor-inner-section elementor-element elementor-element-2e5affd2 elementor-section-boxed elementor-section-height-default elementor-section-height-default\" data-id=\"2e5affd2\" data-element_type=\"section\" data-e-type=\"section\" data-settings=\"{&quot;ekit_has_onepagescroll_dot&quot;:&quot;yes&quot;}\">\n\t\t\t\t\t\t<div class=\"elementor-container elementor-column-gap-default\">\n\t\t\t\t\t<div class=\"elementor-column elementor-col-100 elementor-inner-column elementor-element elementor-element-1e31949f\" data-id=\"1e31949f\" data-element_type=\"column\" data-e-type=\"column\">\n\t\t\t<div class=\"elementor-widget-wrap elementor-element-populated\">\n\t\t\t\t\t\t<div class=\"elementor-element elementor-element-61335488 elementor-widget elementor-widget-heading\" data-id=\"61335488\" data-element_type=\"widget\" data-e-type=\"widget\" data-settings=\"{&quot;ekit_we_effect_on&quot;:&quot;none&quot;}\" data-widget_type=\"heading.default\">\n\t\t\t\t\t<h2 class=\"elementor-heading-title elementor-size-default\">Zusammenfassung<\/h2>\t\t\t\t<\/div>\n\t\t\t\t<div class=\"elementor-element elementor-element-582bf9b3 elementor-widget-divider--view-line elementor-widget elementor-widget-divider\" data-id=\"582bf9b3\" data-element_type=\"widget\" data-e-type=\"widget\" data-settings=\"{&quot;ekit_we_effect_on&quot;:&quot;none&quot;}\" data-widget_type=\"divider.default\">\n\t\t\t\t\t\t\t<div class=\"elementor-divider\">\n\t\t\t<span class=\"elementor-divider-separator\">\n\t\t\t\t\t\t<\/span>\n\t\t<\/div>\n\t\t\t\t\t\t<\/div>\n\t\t\t\t<div class=\"elementor-element elementor-element-1d90f4e0 elementor-widget elementor-widget-text-editor\" data-id=\"1d90f4e0\" data-element_type=\"widget\" data-e-type=\"widget\" data-settings=\"{&quot;ekit_we_effect_on&quot;:&quot;none&quot;}\" data-widget_type=\"text-editor.default\">\n\t\t\t\t\t\t\t\t\t<p>Unserer 1. \u00f6ffentlichen Expertenveranstaltung unter dem Titel\u00a0 <strong>Afghanistan-Konfliktanalyse, eine erste Einf\u00fchrung <\/strong>fand am 20.09.2025 im Haus der Begegnung in K\u00f6nigstein im Taunus statt.<\/p><p>Teilgenommen haben 100 Personen.<\/p><p>Beteiligte Personen waren interessierte deutsche und die, der afghanischen Diaspora in Deutschland.<\/p><p>Die Veranstaltung dauerte insgesamt 6 Stunden.<\/p><p>Sie wurde kulturell durch ein afghanisches Essen, eine Ausstellung \u00fcber die afghanische Frauentrachten und eine afghanische Musikauff\u00fchrung erg\u00e4nzt.<\/p><p>Eine erste Einf\u00fchrung in das sehr komplexen Thema Afghanistan erfolgte durch Herrn Dr. Matin Baraki (Jahrgang 1947), einen deutsch-afghanischen Politologen.<\/p><p><strong>Die gro\u00dfe Interesse der Teilnehmer mit lebhafter Diskussion und eine sehr positive R\u00fcckmeldung best\u00e4tigen dem Verein einen ersten messbaren Erfolg und best\u00e4rkt ihn in der Fortf\u00fchrung ihrer Arbeit.<\/strong><\/p>\t\t\t\t\t\t\t\t<\/div>\n\t\t\t\t\t<\/div>\n\t\t<\/div>\n\t\t\t\t\t<\/div>\n\t\t<\/section>\n\t\t\t\t\t<\/div>\n\t\t<\/div>\n\t\t\t\t\t<\/div>\n\t\t<\/section>\n\t\t\t\t<\/div>","protected":false},"excerpt":{"rendered":"<p>Die erste \u00f6ffentliche Veranstaltung von Aufkl\u00e4rungsforum Afghanistan e.V. hat am 02.09.2025 in K\u00f6nigstein im Taunus im Haus der Begegnung stattgefunden. Eine Zusammenfassung der Ergebnisse dieser Veranstaltung finden Sie unten. Zusammenfassung Unserer 1. \u00f6ffentlichen Expertenveranstaltung unter dem Titel\u00a0 Afghanistan-Konfliktanalyse, eine erste Einf\u00fchrung fand am 20.09.2025 im Haus der Begegnung in K\u00f6nigstein im Taunus statt. Teilgenommen haben [&hellip;]<\/p>\n","protected":false},"author":1,"featured_media":0,"parent":0,"menu_order":0,"comment_status":"closed","ping_status":"closed","template":"elementor_header_footer","meta":{"footnotes":""},"class_list":["post-402","page","type-page","status-publish","hentry"],"_links":{"self":[{"href":"https:\/\/af-afghanistan.com\/ps\/wp-json\/wp\/v2\/pages\/402","targetHints":{"allow":["GET"]}}],"collection":[{"href":"https:\/\/af-afghanistan.com\/ps\/wp-json\/wp\/v2\/pages"}],"about":[{"href":"https:\/\/af-afghanistan.com\/ps\/wp-json\/wp\/v2\/types\/page"}],"author":[{"embeddable":true,"href":"https:\/\/af-afghanistan.com\/ps\/wp-json\/wp\/v2\/users\/1"}],"replies":[{"embeddable":true,"href":"https:\/\/af-afghanistan.com\/ps\/wp-json\/wp\/v2\/comments?post=402"}],"version-history":[{"count":132,"href":"https:\/\/af-afghanistan.com\/ps\/wp-json\/wp\/v2\/pages\/402\/revisions"}],"predecessor-version":[{"id":1312,"href":"https:\/\/af-afghanistan.com\/ps\/wp-json\/wp\/v2\/pages\/402\/revisions\/1312"}],"wp:attachment":[{"href":"https:\/\/af-afghanistan.com\/ps\/wp-json\/wp\/v2\/media?parent=402"}],"curies":[{"name":"wp","href":"https:\/\/api.w.org\/{rel}","templated":true}]}}