{"id":809,"date":"2025-09-03T09:15:44","date_gmt":"2025-09-03T09:15:44","guid":{"rendered":"https:\/\/af-afghanistan.com\/?page_id=809"},"modified":"2025-09-04T10:54:55","modified_gmt":"2025-09-04T10:54:55","slug":"impressum","status":"publish","type":"page","link":"https:\/\/af-afghanistan.com\/ps\/impressum\/","title":{"rendered":"\u0686\u0627\u067e"},"content":{"rendered":"<div data-elementor-type=\"wp-page\" data-elementor-id=\"809\" class=\"elementor elementor-809\" data-elementor-post-type=\"page\">\n\t\t\t\t\t\t<section data-particle_enable=\"false\" data-particle-mobile-disabled=\"false\" class=\"elementor-section elementor-top-section elementor-element elementor-element-62ac9f1 elementor-section-boxed elementor-section-height-default elementor-section-height-default\" data-id=\"62ac9f1\" data-element_type=\"section\" data-e-type=\"section\" data-settings=\"{&quot;background_background&quot;:&quot;classic&quot;,&quot;ekit_has_onepagescroll_dot&quot;:&quot;yes&quot;}\">\n\t\t\t\t\t\t\t<div class=\"elementor-background-overlay\"><\/div>\n\t\t\t\t\t\t\t<div class=\"elementor-container elementor-column-gap-default\">\n\t\t\t\t\t<div class=\"elementor-column elementor-col-100 elementor-top-column elementor-element elementor-element-a0715f2 elementor-invisible\" data-id=\"a0715f2\" data-element_type=\"column\" data-e-type=\"column\" data-settings=\"{&quot;animation&quot;:&quot;fadeInUp&quot;}\">\n\t\t\t<div class=\"elementor-widget-wrap elementor-element-populated\">\n\t\t\t\t\t\t<div class=\"elementor-element elementor-element-88e31c9 elementor-widget elementor-widget-heading\" data-id=\"88e31c9\" data-element_type=\"widget\" data-e-type=\"widget\" data-settings=\"{&quot;ekit_we_effect_on&quot;:&quot;none&quot;}\" data-widget_type=\"heading.default\">\n\t\t\t\t\t<h1 class=\"elementor-heading-title elementor-size-default\">\u0686\u0627\u067e<\/h1>\t\t\t\t<\/div>\n\t\t\t\t\t<\/div>\n\t\t<\/div>\n\t\t\t\t\t<\/div>\n\t\t<\/section>\n\t\t<div data-particle_enable=\"false\" data-particle-mobile-disabled=\"false\" class=\"elementor-element elementor-element-d8a625b e-flex e-con-boxed e-con e-parent\" data-id=\"d8a625b\" data-element_type=\"container\" data-e-type=\"container\" data-settings=\"{&quot;ekit_has_onepagescroll_dot&quot;:&quot;yes&quot;}\">\n\t\t\t\t\t<div class=\"e-con-inner\">\n\t\t\t\t<div class=\"elementor-element elementor-element-e4edf8d elementor-widget elementor-widget-text-editor\" data-id=\"e4edf8d\" data-element_type=\"widget\" data-e-type=\"widget\" data-settings=\"{&quot;ekit_we_effect_on&quot;:&quot;none&quot;}\" data-widget_type=\"text-editor.default\">\n\t\t\t\t\t\t\t\t\t<p data-start=\"229\" data-end=\"308\"><strong data-start=\"229\" data-end=\"241\">AFA e.V. &#8211; Aufkl\u00e4rungsforum Afghanistan<\/strong><br data-start=\"241\" data-end=\"244\" \/>\u0641\u0631\u0627\u0646\u06a9\u0641\u0648\u0631\u067c\u0631 \u0633\u067c\u0631. \u06f9a<br data-start=\"263\" data-end=\"266\" \/>\u06f6\u06f1\u06f4\u06f6\u06f2 \u06a9\u0648\u0646\u06cc\u06ab\u0633\u067c\u0627\u06cc\u0646 \u067e\u0647 \u067c\u0648\u0646\u0633 \u06a9\u06d0<br data-start=\"292\" data-end=\"295\" \/>Deutschland<\/p><p data-start=\"310\" data-end=\"395\"><strong data-start=\"310\" data-end=\"343\">Gemeinschaftlich vertretungsberechtigt:<\/strong><\/p><p data-start=\"310\" data-end=\"395\"><strong>1. Vorsitzender:<\/strong><br \/>Dr. med. Taher Nazary<br \/>Speckerhohlweg 8<br \/>61462 K\u00f6nigstein<br \/>Telefon: +49 (0)172-7742704<br \/>E-Mail: drtahernazary@gmail.com<\/p><p data-start=\"310\" data-end=\"395\"><br \/><strong>2. Vorsitzender:<\/strong><br \/>Prof. Dr. med. Tamim Rahim<br \/>Gertrud- B\u00e4umer- Str. 16B<br \/>65189 Wiesbaden<br \/>Telefon: +49 (0)173-6720990<br \/>E-Mail: T.Rahim@web.com<\/p><p data-start=\"310\" data-end=\"395\"><strong>Registergericht:<\/strong> Amtsgericht K\u00f6nigstein im Taunus<br \/><strong>Registernummer:<\/strong> VR 1579<br \/>V.i.S.d \u00a7 18 Abs. 2 MStV<\/p><p data-start=\"310\" data-end=\"395\"><br \/>Dr. med. Taher Nazary<br \/>Speckerhohlweg 8<br \/>61462 K\u00f6nigstein<\/p><p data-start=\"397\" data-end=\"466\"><strong data-start=\"397\" data-end=\"409\">Webdesign &amp; Erstellung:<\/strong><br data-start=\"409\" data-end=\"412\" \/><a href=\"https:\/\/seobuchen.com\" target=\"_blank\" rel=\"noopener\">SEO buchen by LinkITUp<\/a><\/p><p data-start=\"627\" data-end=\"726\">\u00a0<\/p><h3 data-start=\"733\" data-end=\"768\">Haftungsausschluss (Disclaimer)<\/h3><p data-start=\"770\" data-end=\"1324\"><strong data-start=\"770\" data-end=\"793\">Haftung f\u00fcr Inhalte<\/strong><br data-start=\"793\" data-end=\"796\" \/>Die Inhalte unserer Seiten wurden mit gr\u00f6\u00dfter Sorgfalt erstellt. F\u00fcr die Richtigkeit, Vollst\u00e4ndigkeit und Aktualit\u00e4t der Inhalte k\u00f6nnen wir jedoch keine Gew\u00e4hr \u00fcbernehmen. Als Diensteanbieter sind wir gem\u00e4\u00df \u00a7 7 Abs. 1 TMG f\u00fcr eigene Inhalte auf diesen Seiten nach den allgemeinen Gesetzen verantwortlich. Nach \u00a7\u00a7 8 bis 10 TMG sind wir als Diensteanbieter jedoch nicht verpflichtet, \u00fcbermittelte oder gespeicherte fremde Informationen zu \u00fcberwachen oder nach Umst\u00e4nden zu forschen, die auf eine rechtswidrige T\u00e4tigkeit hinweisen.<\/p><p data-start=\"1326\" data-end=\"1728\"><strong data-start=\"1326\" data-end=\"1347\">Haftung f\u00fcr Links<\/strong><br data-start=\"1347\" data-end=\"1350\" \/>Unser Angebot enth\u00e4lt Links zu externen Websites Dritter, auf deren Inhalte wir keinen Einfluss haben. Deshalb k\u00f6nnen wir f\u00fcr diese fremden Inhalte auch keine Gew\u00e4hr \u00fcbernehmen. F\u00fcr die Inhalte der verlinkten Seiten ist stets der jeweilige Anbieter oder Betreiber der Seiten verantwortlich. Bei Bekanntwerden von Rechtsverletzungen werden wir derartige Links umgehend entfernen.<\/p><p data-start=\"1326\" data-end=\"1728\">\u00a0<\/p><h3 data-start=\"1735\" data-end=\"1751\">Urheberrecht<\/h3><p data-start=\"1753\" data-end=\"2110\">Die durch die Seitenbetreiber erstellten Inhalte und Werke auf diesen Seiten unterliegen dem deutschen Urheberrecht. Beitr\u00e4ge Dritter sind als solche gekennzeichnet. Die Vervielf\u00e4ltigung, Bearbeitung, Verbreitung und jede Art der Verwertung au\u00dferhalb der Grenzen des Urheberrechts bed\u00fcrfen der schriftlichen Zustimmung des jeweiligen Autors bzw. Erstellers.<\/p>\t\t\t\t\t\t\t\t<\/div>\n\t\t\t\t\t<\/div>\n\t\t\t\t<\/div>\n\t\t\t\t<\/div>","protected":false},"excerpt":{"rendered":"<p>AFA e.V. &#8211; Aufkl\u00e4rungsforum AfghanistanFrankfurter Str. 9a61462 K\u00f6nigstein im TaunusDeutschland Gemeinschaftlich vertretungsberechtigt: 1. Vorsitzender:Dr. med. Taher NazarySpeckerhohlweg 861462 K\u00f6nigsteinTelefon: +49 (0)172-7742704E-Mail: drtahernazary@gmail.com 2. Vorsitzender:Prof. Dr. med. Tamim RahimGertrud- B\u00e4umer- Str. 16B65189 WiesbadenTelefon: +49 (0)173-6720990E-Mail: T.Rahim@web.com Registergericht: Amtsgericht K\u00f6nigstein im TaunusRegisternummer: VR 1579V.i.S.d \u00a7 18 Abs. 2 MStV Dr. med. Taher NazarySpeckerhohlweg 861462 K\u00f6nigstein Webdesign &amp; [&hellip;]<\/p>\n","protected":false},"author":1,"featured_media":0,"parent":0,"menu_order":0,"comment_status":"closed","ping_status":"closed","template":"elementor_header_footer","meta":{"footnotes":""},"class_list":["post-809","page","type-page","status-publish","hentry"],"_links":{"self":[{"href":"https:\/\/af-afghanistan.com\/ps\/wp-json\/wp\/v2\/pages\/809","targetHints":{"allow":["GET"]}}],"collection":[{"href":"https:\/\/af-afghanistan.com\/ps\/wp-json\/wp\/v2\/pages"}],"about":[{"href":"https:\/\/af-afghanistan.com\/ps\/wp-json\/wp\/v2\/types\/page"}],"author":[{"embeddable":true,"href":"https:\/\/af-afghanistan.com\/ps\/wp-json\/wp\/v2\/users\/1"}],"replies":[{"embeddable":true,"href":"https:\/\/af-afghanistan.com\/ps\/wp-json\/wp\/v2\/comments?post=809"}],"version-history":[{"count":39,"href":"https:\/\/af-afghanistan.com\/ps\/wp-json\/wp\/v2\/pages\/809\/revisions"}],"predecessor-version":[{"id":868,"href":"https:\/\/af-afghanistan.com\/ps\/wp-json\/wp\/v2\/pages\/809\/revisions\/868"}],"wp:attachment":[{"href":"https:\/\/af-afghanistan.com\/ps\/wp-json\/wp\/v2\/media?parent=809"}],"curies":[{"name":"wp","href":"https:\/\/api.w.org\/{rel}","templated":true}]}}